{"id":13,"date":"2015-11-17T16:26:41","date_gmt":"2015-11-17T15:26:41","guid":{"rendered":"http:\/\/kbnl.ch\/\/?page_id=13"},"modified":"2022-03-15T16:41:28","modified_gmt":"2022-03-15T15:41:28","slug":"mitglieder","status":"publish","type":"page","link":"https:\/\/kbnl.ch\/fr\/organisation-und-kontakt\/mitglieder\/","title":{"rendered":"Membres"},"content":{"rendered":"<p><a href=\"http:\/\/kbnl.ch\/\/wp-content\/uploads\/2016\/03\/logo_75.jpg\" rel=\"attachment wp-att-249\"><img loading=\"lazy\" decoding=\"async\" class=\"aligncenter wp-image-249\" src=\"http:\/\/kbnl.ch\/\/wp-content\/uploads\/2016\/03\/logo_75.jpg\" alt=\"logo_75\" width=\"600\" height=\"96\" srcset=\"https:\/\/kbnl.ch\/wp-content\/uploads\/2016\/03\/logo_75.jpg 834w, https:\/\/kbnl.ch\/wp-content\/uploads\/2016\/03\/logo_75-300x48.jpg 300w, https:\/\/kbnl.ch\/wp-content\/uploads\/2016\/03\/logo_75-768x123.jpg 768w, https:\/\/kbnl.ch\/wp-content\/uploads\/2016\/03\/logo_75-24x4.jpg 24w, https:\/\/kbnl.ch\/wp-content\/uploads\/2016\/03\/logo_75-36x6.jpg 36w, https:\/\/kbnl.ch\/wp-content\/uploads\/2016\/03\/logo_75-48x8.jpg 48w\" sizes=\"auto, (max-width: 600px) 100vw, 600px\" \/><\/a>\n<table id=\"tablepress-4\" class=\"tablepress tablepress-id-4\">\n<thead>\n<tr class=\"row-1\">\n\t<th class=\"column-1\">Kanton<\/th><th class=\"column-2\">Vorname<\/th><th class=\"column-3\">Nachname<\/th><th class=\"column-4\">Auftraggeber<\/th><th class=\"column-5\">Strasse<\/th><th class=\"column-6\">PLZ<\/th><th class=\"column-7\">Ort<\/th><th class=\"column-8\">Telefon<\/th><th class=\"column-9\">Telefon Sekretariat<\/th><th class=\"column-10\">E-Mail<\/th><th class=\"column-11\">Homepage<\/th>\n<\/tr>\n<\/thead>\n<tbody class=\"row-striping row-hover\">\n<tr class=\"row-2\">\n\t<td class=\"column-1\">Aargau<\/td><td class=\"column-2\">Nicolas<\/td><td class=\"column-3\">Bircher<\/td><td class=\"column-4\">Departement Bau, Verkehr und Umwelt<br \/>\nAbt. Landschaft und Gew\u00e4sser<\/td><td class=\"column-5\">Entfelderstrasse 22 (Buchenhof)<\/td><td class=\"column-6\">5001<\/td><td class=\"column-7\">Aarau<\/td><td class=\"column-8\">062 835 37 28<\/td><td class=\"column-9\">062 835 34 50<\/td><td class=\"column-10\"><a href=\"mailto:nicolas.bircher@ag.ch\">nicolas.bircher@ag.ch<\/a><\/td><td class=\"column-11\"><a target=\"_blank\" href=\"http:\/\/www.ag.ch\/natur\" rel=\"nofollow\">http:\/\/www.ag.ch\/natur<\/a><\/td>\n<\/tr>\n<tr class=\"row-3\">\n\t<td class=\"column-1\">Appenzell Ausserrhoden<\/td><td class=\"column-2\">Andres<\/td><td class=\"column-3\">Scholl<\/td><td class=\"column-4\">Abteilung Natur und Wildtiere<br \/>\nFachstelle f\u00fcr Natur und Landschaft<\/td><td class=\"column-5\">Kasernenstrasse 17A<\/td><td class=\"column-6\">9102<\/td><td class=\"column-7\">Herisau<\/td><td class=\"column-8\">071 353 67 94<\/td><td class=\"column-9\">071 353 65 51<\/td><td class=\"column-10\"><a href=\"mailto:andres.scholl@ar.ch\">andres.scholl@ar.ch<\/a><\/td><td class=\"column-11\"><a target=\"_blank\" href=\"http:\/\/www.ar.ch\" rel=\"nofollow\">http:\/\/www.ar.ch<\/a><\/td>\n<\/tr>\n<tr class=\"row-4\">\n\t<td class=\"column-1\">Appenzell Innerrhoden<\/td><td class=\"column-2\">Carmen<\/td><td class=\"column-3\">N\u00e4f<\/td><td class=\"column-4\">Landwirtschaftsamt des Kt. Appenzell I.Rh., Fachstelle Natur- und Landschaftsschutz<\/td><td class=\"column-5\">Gaiserstrasse 8<\/td><td class=\"column-6\">9050<\/td><td class=\"column-7\">Appenzell<\/td><td class=\"column-8\">071 788 95 82<\/td><td class=\"column-9\">071 788 95 71<\/td><td class=\"column-10\"><a href=\"mailto:carmen.naef@lfd.ai.ch\">carmen.naef@lfd.ai.ch<\/a><\/td><td class=\"column-11\"><a target=\"_blank\" href=\"http:\/\/www.ai.ch\" rel=\"nofollow\">http:\/\/www.ai.ch<\/a><\/td>\n<\/tr>\n<tr class=\"row-5\">\n\t<td class=\"column-1\">Basel-Landschaft<\/td><td class=\"column-2\">Markus<\/td><td class=\"column-3\">Plattner<\/td><td class=\"column-4\">Landwirtschaftliches Zentrum Ebenrain <br \/>\nNatur und Landschaft<\/td><td class=\"column-5\">Ebenrainweg 27<\/td><td class=\"column-6\">4450<\/td><td class=\"column-7\">Sissach<\/td><td class=\"column-8\">061 552 53 95<\/td><td class=\"column-9\">061 552 60 46<\/td><td class=\"column-10\"><a href=\"mailto:markus.plattner@bl.ch\">markus.plattner@bl.ch<\/a><\/td><td class=\"column-11\"><a target=\"_blank\" href=\"http:\/\/www.bl.ch\" rel=\"nofollow\">http:\/\/www.bl.ch<\/a><\/td>\n<\/tr>\n<tr class=\"row-6\">\n\t<td class=\"column-1\">Basel-Stadt<\/td><td class=\"column-2\">Yvonne<\/td><td class=\"column-3\">Reisner<\/td><td class=\"column-4\">Stadtg\u00e4rtnerei Basel<br \/>\nBereich Natur Landschaft B\u00e4ume<\/td><td class=\"column-5\">Dufourstrasse 40\/50<\/td><td class=\"column-6\">4001<\/td><td class=\"column-7\">Basel<\/td><td class=\"column-8\">061 267 67 37<\/td><td class=\"column-9\">061 267 67 28<\/td><td class=\"column-10\"><a href=\"mailto:yvonne.reisner@bs.ch\">yvonne.reisner@bs.ch<\/a><\/td><td class=\"column-11\"><a target=\"_blank\" href=\"http:\/\/www.stadtgaertnerei.bs.ch\" rel=\"nofollow\">http:\/\/www.stadtgaertnerei.bs.ch<\/a><\/td>\n<\/tr>\n<tr class=\"row-7\">\n\t<td class=\"column-1\">Bern<\/td><td class=\"column-2\">Urs<\/td><td class=\"column-3\">K\u00e4nzig<\/td><td class=\"column-4\">Amt f\u00fcr Landwirtschaft und Natur des Kantons Bern<br \/>\nAbt. Naturf\u00f6rderung<\/td><td class=\"column-5\">Schwand<\/td><td class=\"column-6\">3110<\/td><td class=\"column-7\">M\u00fcnsingen<\/td><td class=\"column-8\">031 636 14 51<\/td><td class=\"column-9\">031 636 14 50<\/td><td class=\"column-10\"><a href=\"mailto:urs.kaenzig@be.ch\">urs.kaenzig@be.ch<\/a><\/td><td class=\"column-11\"><a target=\"_blank\" href=\"http:\/\/www.be.ch\/natur\" rel=\"nofollow\">http:\/\/www.be.ch\/natur<\/a><\/td>\n<\/tr>\n<tr class=\"row-8\">\n\t<td class=\"column-1\">Fribourg<\/td><td class=\"column-2\">Francesca<\/td><td class=\"column-3\">Cheda<\/td><td class=\"column-4\">Service des for\u00eats et de la nature (SFN)<br \/>\nAmt f\u00fcr Wald und Natur (WNA)<\/td><td class=\"column-5\">Route du Mont Carmel 5<br \/>\nCase postale 155<\/td><td class=\"column-6\">1762<\/td><td class=\"column-7\">Givisiez<\/td><td class=\"column-8\">026 305 51 88<\/td><td class=\"column-9\">026 305 23 43<\/td><td class=\"column-10\"><a href=\"mailto:francesca.cheda@fr.ch\">francesca.cheda@fr.ch<\/a><\/td><td class=\"column-11\"><a target=\"_blank\" href=\"http:\/\/www.fr.ch\/sfn\" rel=\"nofollow\">http:\/\/www.fr.ch\/sfn<\/a><\/td>\n<\/tr>\n<tr class=\"row-9\">\n\t<td class=\"column-1\">Gen\u00e8ve<\/td><td class=\"column-2\">Coline<\/td><td class=\"column-3\">Utz<\/td><td class=\"column-4\">D\u00e9partement du Territoire (DT)<br \/>\nOffice cantonal de l'agriculture et de la nature (OCAN)<br \/>\nDirection de la Biodiversit\u00e9<\/td><td class=\"column-5\">Rue des Battoirs 7<\/td><td class=\"column-6\">1205<\/td><td class=\"column-7\">Gen\u00e8ve<\/td><td class=\"column-8\">022 388 55 32<\/td><td class=\"column-9\">022 388 55 01<\/td><td class=\"column-10\"><a href=\"mailto:coline.utz@etat.ge.ch\">coline.utz@etat.ge.ch<\/a><\/td><td class=\"column-11\"><a target=\"_blank\" href=\"http:\/\/www.geneve.ch\/nature\" rel=\"nofollow\">http:\/\/www.geneve.ch\/nature<\/a><\/td>\n<\/tr>\n<tr class=\"row-10\">\n\t<td class=\"column-1\">Glarus<\/td><td class=\"column-2\">Senta<\/td><td class=\"column-3\">Stix<\/td><td class=\"column-4\">Departement Bau und Umwelt<br \/>\nAbteilung Umweltschutz und Energie<br \/>\nNatur- und Landschaft<\/td><td class=\"column-5\">Kirchstrasse 2<\/td><td class=\"column-6\">8750<\/td><td class=\"column-7\">Glarus<\/td><td class=\"column-8\">055 646 64 64<\/td><td class=\"column-9\">055 646 64 50<\/td><td class=\"column-10\"><a href=\"mailto:senta.stix@gl.ch\">senta.stix@gl.ch<\/a><\/td><td class=\"column-11\"><a target=\"_blank\" href=\"http:\/\/www.gl.ch\" rel=\"nofollow\">http:\/\/www.gl.ch<\/a><\/td>\n<\/tr>\n<tr class=\"row-11\">\n\t<td class=\"column-1\">Graub\u00fcnden<\/td><td class=\"column-2\">Luis<\/td><td class=\"column-3\">Lietha<\/td><td class=\"column-4\">Amt f\u00fcr Natur und Umwelt Kt. GR<br \/>\nAbt. Natur \/Landschaft<\/td><td class=\"column-5\">Ringstrasse 10<\/td><td class=\"column-6\">7001<\/td><td class=\"column-7\">Chur<\/td><td class=\"column-8\">081 257 29 63<\/td><td class=\"column-9\">081 257 29 46<\/td><td class=\"column-10\"><a href=\"mailto:luis.lietha@anu.gr.ch\">luis.lietha@anu.gr.ch<\/a><\/td><td class=\"column-11\"><a target=\"_blank\" href=\"http:\/\/www.anu.gr.ch\" rel=\"nofollow\">http:\/\/www.anu.gr.ch<\/a><\/td>\n<\/tr>\n<tr class=\"row-12\">\n\t<td class=\"column-1\">Jura<\/td><td class=\"column-2\">Laurent<\/td><td class=\"column-3\">Gogniat<\/td><td class=\"column-4\">Office de l'environnement<\/td><td class=\"column-5\">Chemin du Bel'Oiseau 12<br \/>\nCase postale 69<\/td><td class=\"column-6\">2882<\/td><td class=\"column-7\">St. Ursanne<\/td><td class=\"column-8\">032 420 48 09<\/td><td class=\"column-9\">032 420 48 00<\/td><td class=\"column-10\"><a href=\"mailto:laurent.gogniat@jura.ch\">laurent.gogniat@jura.ch<\/a><\/td><td class=\"column-11\"><a target=\"_blank\" href=\"http:\/\/www.jura.ch\" rel=\"nofollow\">http:\/\/www.jura.ch<\/a><\/td>\n<\/tr>\n<tr class=\"row-13\">\n\t<td class=\"column-1\">Luzern<\/td><td class=\"column-2\">Peter<\/td><td class=\"column-3\">Ulmann<\/td><td class=\"column-4\">Landwirtschaft und Wald<br \/>\nAbteilung Natur, Jagd und Fischerei<\/td><td class=\"column-5\">Centralstrasse 33<\/td><td class=\"column-6\">6210<\/td><td class=\"column-7\">Sursee<\/td><td class=\"column-8\">041 349 74 85<\/td><td class=\"column-9\">041 349 74 00<\/td><td class=\"column-10\"><a href=\"mailto:peter.ulmann@lu.ch\">peter.ulmann@lu.ch<\/a><\/td><td class=\"column-11\"><a target=\"_blank\" href=\"http:\/\/www.lawa.lu.ch\" rel=\"nofollow\">http:\/\/www.lawa.lu.ch<\/a><\/td>\n<\/tr>\n<tr class=\"row-14\">\n\t<td class=\"column-1\">Neuch\u00e2tel<\/td><td class=\"column-2\">Alain<\/td><td class=\"column-3\">Lugon-Moulin<\/td><td class=\"column-4\">Service de la faune, des for\u00eats et de la nature<\/td><td class=\"column-5\">rue du premier Mars 11<\/td><td class=\"column-6\">2108<\/td><td class=\"column-7\">Couvet<\/td><td class=\"column-8\">032 889 67 60<\/td><td class=\"column-9\">032 889 67 61<\/td><td class=\"column-10\"><a href=\"mailto:Alain.Lugon-Moulin@ne.ch\">Alain.Lugon-Moulin@ne.ch<\/a><\/td><td class=\"column-11\"><a target=\"_blank\" href=\"http:\/\/www.ne.ch\" rel=\"nofollow\">http:\/\/www.ne.ch<\/a><\/td>\n<\/tr>\n<tr class=\"row-15\">\n\t<td class=\"column-1\">Nidwalden<\/td><td class=\"column-2\">Ingrid<\/td><td class=\"column-3\">Sch\u00e4r<\/td><td class=\"column-4\">Fachstelle f\u00fcr Natur- und Landschaftsschutz<\/td><td class=\"column-5\">Buochserstrasse 1<br \/>\nPostfach 1241<\/td><td class=\"column-6\">6371<\/td><td class=\"column-7\">Stans<\/td><td class=\"column-8\">041 618 72 21<\/td><td class=\"column-9\">041 618 72 02<\/td><td class=\"column-10\"><a href=\"mailto:ingrid.schaer@nw.ch\">ingrid.schaer@nw.ch<\/a><\/td><td class=\"column-11\"><a target=\"_blank\" href=\"http:\/\/www.nw.ch\" rel=\"nofollow\">http:\/\/www.nw.ch<\/a><\/td>\n<\/tr>\n<tr class=\"row-16\">\n\t<td class=\"column-1\">Obwalden<\/td><td class=\"column-2\">Kerstin<\/td><td class=\"column-3\">Schollenbruch<\/td><td class=\"column-4\">Amt f\u00fcr Wald und Landschaft<br \/>\nAbteilung Wald und Natur<\/td><td class=\"column-5\">Fl\u00fcelistrasse 3<\/td><td class=\"column-6\">6060<\/td><td class=\"column-7\">Sarnen<\/td><td class=\"column-8\">041 666 61 76<\/td><td class=\"column-9\">041 666 63 22<\/td><td class=\"column-10\"><a href=\"mailto:kerstin.schollenbruch@ow.ch\">kerstin.schollenbruch@ow.ch<\/a><\/td><td class=\"column-11\"><a target=\"_blank\" href=\"http:\/\/www.wald-natur.ow.ch\" rel=\"nofollow\">http:\/\/www.wald-natur.ow.ch<\/a><\/td>\n<\/tr>\n<tr class=\"row-17\">\n\t<td class=\"column-1\">Schaffhausen<\/td><td class=\"column-2\">Esther<\/td><td class=\"column-3\">Frei<\/td><td class=\"column-4\">Kantonales Planungs- und Naturschutzamt<\/td><td class=\"column-5\">Beckenstube 11<\/td><td class=\"column-6\">8200<\/td><td class=\"column-7\">Schaffhausen<\/td><td class=\"column-8\">052 632 73 24<\/td><td class=\"column-9\">052 632 68 90<\/td><td class=\"column-10\"><a href=\"mailto:esther.frei@sh.ch\">esther.frei@sh.ch<\/a><\/td><td class=\"column-11\"><a target=\"_blank\" href=\"http:\/\/www.sh.ch\" rel=\"nofollow\">http:\/\/www.sh.ch<\/a><\/td>\n<\/tr>\n<tr class=\"row-18\">\n\t<td class=\"column-1\">Schwyz<\/td><td class=\"column-2\">Philipp<\/td><td class=\"column-3\">B\u00fcnter<\/td><td class=\"column-4\">Amt f\u00fcr Wald und Natur<\/td><td class=\"column-5\">Bahnhofstr. 9<br \/>\nPostfach 1184<\/td><td class=\"column-6\">6431<\/td><td class=\"column-7\">Schwyz<\/td><td class=\"column-8\">041 819 18 51<\/td><td class=\"column-9\">041 819 18 35<\/td><td class=\"column-10\"><a href=\"mailto:philipp.buenter@sz.ch\">philipp.buenter@sz.ch<\/a><\/td><td class=\"column-11\"><a target=\"_blank\" href=\"http:\/\/www.sz.ch\" rel=\"nofollow\">http:\/\/www.sz.ch<\/a><\/td>\n<\/tr>\n<tr class=\"row-19\">\n\t<td class=\"column-1\">Solothurn<\/td><td class=\"column-2\">Thomas<\/td><td class=\"column-3\">Schwaller<\/td><td class=\"column-4\">Amt f\u00fcr Raumplanung <br \/>\nNatur und Landschaft<\/td><td class=\"column-5\">Werkhofstrasse 59<\/td><td class=\"column-6\">4500<\/td><td class=\"column-7\">Solothurn<\/td><td class=\"column-8\">032 627 25 65<\/td><td class=\"column-9\">032 627 25 61<\/td><td class=\"column-10\"><a href=\"mailto:thomas.schwaller@bd.so.ch\">thomas.schwaller@bd.so.ch<\/a><\/td><td class=\"column-11\"><a target=\"_blank\" href=\"http:\/\/www.so.ch\" rel=\"nofollow\">http:\/\/www.so.ch<\/a><\/td>\n<\/tr>\n<tr class=\"row-20\">\n\t<td class=\"column-1\">St. Gallen<\/td><td class=\"column-2\">Urs<\/td><td class=\"column-3\">Gimmi<\/td><td class=\"column-4\">Amt f\u00fcr Natur, Jagd und Fischerei des Kt. St. Gallen <br \/>\nAbteilung Natur- und Landschaftsschutz<\/td><td class=\"column-5\">Davidstr. 35<\/td><td class=\"column-6\">9001<\/td><td class=\"column-7\">St. Gallen<\/td><td class=\"column-8\">058 229 66 58<\/td><td class=\"column-9\">058 229 39 53<\/td><td class=\"column-10\"><a href=\"mailto:urs.gimmi@sg.ch\">urs.gimmi@sg.ch<\/a><\/td><td class=\"column-11\"><a target=\"_blank\" href=\"http:\/\/www.sg.ch\" rel=\"nofollow\">http:\/\/www.sg.ch<\/a><\/td>\n<\/tr>\n<tr class=\"row-21\">\n\t<td class=\"column-1\">Thurgau<\/td><td class=\"column-2\">Matthias<\/td><td class=\"column-3\">K\u00fcnzler<\/td><td class=\"column-4\">Amt f\u00fcr Raumentwicklung<br \/>\nAbt. Natur und Landschaft<\/td><td class=\"column-5\">Verwaltungsgeb\u00e4ude<\/td><td class=\"column-6\">8510<\/td><td class=\"column-7\">Frauenfeld<\/td><td class=\"column-8\">058 345 62 59<\/td><td class=\"column-9\">058 345 62 50<\/td><td class=\"column-10\"><a href=\"mailto:matthias.kuenzler@tg.ch\">matthias.kuenzler@tg.ch<\/a><\/td><td class=\"column-11\"><a target=\"_blank\" href=\"http:\/\/www.raumentwicklung.tg.ch\" rel=\"nofollow\">http:\/\/www.raumentwicklung.tg.ch<\/a><\/td>\n<\/tr>\n<tr class=\"row-22\">\n\t<td class=\"column-1\">Ticino<\/td><td class=\"column-2\">Lorenzo<\/td><td class=\"column-3\">Besomi<\/td><td class=\"column-4\">Ufficio della natura e del paesaggio<\/td><td class=\"column-5\">V. Franco Zorzi 13<\/td><td class=\"column-6\">6500<\/td><td class=\"column-7\">Bellinzona<\/td><td class=\"column-8\">091 814 37 64<\/td><td class=\"column-9\">091 814 25 92<\/td><td class=\"column-10\"><a href=\"mailto:lorenzo.besomi@ti.ch\">lorenzo.besomi@ti.ch<\/a><\/td><td class=\"column-11\"><a target=\"_blank\" href=\"http:\/\/www.ti.ch\" rel=\"nofollow\">http:\/\/www.ti.ch<\/a><\/td>\n<\/tr>\n<tr class=\"row-23\">\n\t<td class=\"column-1\">Uri<\/td><td class=\"column-2\">Manuel<\/td><td class=\"column-3\">Lingg<\/td><td class=\"column-4\">Amt f\u00fcr Raumentwicklung<br \/>\nAbt. Natur und Landschaft<\/td><td class=\"column-5\">Bahnhofstrasse 1<\/td><td class=\"column-6\">6460<\/td><td class=\"column-7\">Altdorf<\/td><td class=\"column-8\">041 875 22 96<\/td><td class=\"column-9\">041 875 24 29<\/td><td class=\"column-10\"><a href=\"mailto:manuel.lingg@ur.ch\">manuel.lingg@ur.ch<\/a><\/td><td class=\"column-11\"><a target=\"_blank\" href=\"http:\/\/www.uri.ch\" rel=\"nofollow\">http:\/\/www.uri.ch<\/a><\/td>\n<\/tr>\n<tr class=\"row-24\">\n\t<td class=\"column-1\">Vaud<\/td><td class=\"column-2\">Catherine<\/td><td class=\"column-3\">Strehler-Perrin<\/td><td class=\"column-4\">Division Biodiversit\u00e9 et paysage (DGE-BIODIV)<br \/>\nD\u00e9partement de la jeunesse, de l'environnement et de la s\u00e9curit\u00e9 (DJES)<\/td><td class=\"column-5\">Av. De Valmont 30B<\/td><td class=\"column-6\">1014<\/td><td class=\"column-7\">Lausanne<\/td><td class=\"column-8\">021 557 86 41<\/td><td class=\"column-9\">021 316 39 70<\/td><td class=\"column-10\"><a href=\"mailto:catherine.strehler-perrin@vd.ch\">catherine.strehler-perrin@vd.ch<\/a><\/td><td class=\"column-11\"><a target=\"_blank\" href=\"http:\/\/www.vd.ch\" rel=\"nofollow\">http:\/\/www.vd.ch<\/a><\/td>\n<\/tr>\n<tr class=\"row-25\">\n\t<td class=\"column-1\">Wallis\/Valais<\/td><td class=\"column-2\">Yann<\/td><td class=\"column-3\">Clavien<\/td><td class=\"column-4\">Service des for\u00eats, de la nature et du paysage<\/td><td class=\"column-5\">Rue de la Dent- Blanche 18A<\/td><td class=\"column-6\">1951<\/td><td class=\"column-7\">Sion<\/td><td class=\"column-8\">027 606 32 20<\/td><td class=\"column-9\">027 606 32 00<\/td><td class=\"column-10\"><a href=\"mailto:yann.clavien@admin.vs.ch\">yann.clavien@admin.vs.ch<\/a><\/td><td class=\"column-11\"><a target=\"_blank\" href=\"http:\/\/www.vs.ch\" rel=\"nofollow\">http:\/\/www.vs.ch<\/a><\/td>\n<\/tr>\n<tr class=\"row-26\">\n\t<td class=\"column-1\">Zug<\/td><td class=\"column-2\">Stefan<\/td><td class=\"column-3\">Rey<\/td><td class=\"column-4\">Amt f\u00fcr Raum und Verkehr<br \/>\nAbt. Natur und Landschaft<\/td><td class=\"column-5\">Aabachstrasse 5 <br \/>\nPostfach<\/td><td class=\"column-6\">6301<\/td><td class=\"column-7\">Zug<\/td><td class=\"column-8\">041 594 55 58<\/td><td class=\"column-9\">041 728 54 82<\/td><td class=\"column-10\"><a href=\"mailto:stefan.rey@zg.ch\">stefan.rey@zg.ch<\/a><\/td><td class=\"column-11\"><a target=\"_blank\" href=\"http:\/\/www.zg.ch\" rel=\"nofollow\">http:\/\/www.zg.ch<\/a><\/td>\n<\/tr>\n<tr class=\"row-27\">\n\t<td class=\"column-1\">Z\u00fcrich<\/td><td class=\"column-2\">Ursina<\/td><td class=\"column-3\">Wiedmer<\/td><td class=\"column-4\">Fachstelle Naturschutz<br \/>\nAmt f\u00fcr Landschaft und Natur, Baudirektion Kanton Z\u00fcrich<\/td><td class=\"column-5\">Walcheplatz 1<\/td><td class=\"column-6\">8090<\/td><td class=\"column-7\">Z\u00fcrich<\/td><td class=\"column-8\">043 259 30 60<\/td><td class=\"column-9\">043 259 30 32<\/td><td class=\"column-10\"><a href=\"mailto:ursina.wiedmer@bd.zh.ch\">ursina.wiedmer@bd.zh.ch<\/a><\/td><td class=\"column-11\"><a target=\"_blank\" href=\"http:\/\/www.naturschutz.zh.ch\" rel=\"nofollow\">http:\/\/www.naturschutz.zh.ch<\/a><\/td>\n<\/tr>\n<tr class=\"row-28\">\n\t<td class=\"column-1\">-<\/td><td class=\"column-2\">Oliver<\/td><td class=\"column-3\">M\u00fcller<\/td><td class=\"column-4\">Amt f\u00fcr Umwelt<br \/>\nAbteilung Wald und Landschaft<\/td><td class=\"column-5\">Gerberweg 5<\/td><td class=\"column-6\">9490<\/td><td class=\"column-7\">Vaduz<\/td><td class=\"column-8\">+423 236 64 09<\/td><td class=\"column-9\">+423 236 64 00<\/td><td class=\"column-10\"><a href=\"mailto:oliver.mueller@llv.li\">oliver.mueller@llv.li<\/a><\/td><td class=\"column-11\"><a target=\"_blank\" href=\"http:\/\/www.au.llv.li\" rel=\"nofollow\">http:\/\/www.au.llv.li<\/a><\/td>\n<\/tr>\n<tr class=\"row-29\">\n\t<td class=\"column-1\"><\/td><td class=\"column-2\">Robert<\/td><td class=\"column-3\">Meier<\/td><td class=\"column-4\">KBNL-Gesch\u00e4ftsstelle c\/o ARNAL AG<\/td><td class=\"column-5\">Kasernenstr. 37<\/td><td class=\"column-6\">9100<\/td><td class=\"column-7\">Herisau<\/td><td class=\"column-8\">071 366 00 50<\/td><td class=\"column-9\">071 366 00 50<\/td><td class=\"column-10\"><a href=\"mailto:robert.meier@kbnl.ch\">robert.meier@kbnl.ch<\/a><\/td><td class=\"column-11\"><a target=\"_blank\" href=\"http:\/\/www.arnal.ch\" rel=\"nofollow\">http:\/\/www.arnal.ch<\/a><\/td>\n<\/tr>\n<\/tbody>\n<\/table>\n<!-- #tablepress-4 from cache --><\/p>\n","protected":false},"excerpt":{"rendered":"","protected":false},"author":1,"featured_media":0,"parent":9,"menu_order":0,"comment_status":"closed","ping_status":"closed","template":"template-full-width.php","meta":{"footnotes":""},"class_list":["post-13","page","type-page","status-publish","hentry"],"_links":{"self":[{"href":"https:\/\/kbnl.ch\/fr\/wp-json\/wp\/v2\/pages\/13","targetHints":{"allow":["GET"]}}],"collection":[{"href":"https:\/\/kbnl.ch\/fr\/wp-json\/wp\/v2\/pages"}],"about":[{"href":"https:\/\/kbnl.ch\/fr\/wp-json\/wp\/v2\/types\/page"}],"author":[{"embeddable":true,"href":"https:\/\/kbnl.ch\/fr\/wp-json\/wp\/v2\/users\/1"}],"replies":[{"embeddable":true,"href":"https:\/\/kbnl.ch\/fr\/wp-json\/wp\/v2\/comments?post=13"}],"version-history":[{"count":20,"href":"https:\/\/kbnl.ch\/fr\/wp-json\/wp\/v2\/pages\/13\/revisions"}],"predecessor-version":[{"id":2598,"href":"https:\/\/kbnl.ch\/fr\/wp-json\/wp\/v2\/pages\/13\/revisions\/2598"}],"up":[{"embeddable":true,"href":"https:\/\/kbnl.ch\/fr\/wp-json\/wp\/v2\/pages\/9"}],"wp:attachment":[{"href":"https:\/\/kbnl.ch\/fr\/wp-json\/wp\/v2\/media?parent=13"}],"curies":[{"name":"wp","href":"https:\/\/api.w.org\/{rel}","templated":true}]}}