{"id":1449,"date":"2019-02-22T09:48:15","date_gmt":"2019-02-22T08:48:15","guid":{"rendered":"http:\/\/kbnl.ch\/?page_id=1449"},"modified":"2023-07-05T13:15:52","modified_gmt":"2023-07-05T11:15:52","slug":"marktplatz-fuer-fragen-aus-der-naturschutzpraxis","status":"publish","type":"page","link":"https:\/\/kbnl.ch\/fr\/marktplatz-fuer-fragen-aus-der-naturschutzpraxis\/","title":{"rendered":"Foire aux questions pour la pratique de la conservation"},"content":{"rendered":"<p><a href=\"http:\/\/kbnl.ch\/wp-content\/uploads\/2019\/03\/biodiversity_rgb.png\"><img loading=\"lazy\" decoding=\"async\" class=\"alignright size-full wp-image-1701\" src=\"http:\/\/kbnl.ch\/wp-content\/uploads\/2019\/03\/biodiversity_rgb.png\" alt=\"\" width=\"277\" height=\"99\" srcset=\"https:\/\/kbnl.ch\/wp-content\/uploads\/2019\/03\/biodiversity_rgb.png 277w, https:\/\/kbnl.ch\/wp-content\/uploads\/2019\/03\/biodiversity_rgb-24x9.png 24w, https:\/\/kbnl.ch\/wp-content\/uploads\/2019\/03\/biodiversity_rgb-36x13.png 36w, https:\/\/kbnl.ch\/wp-content\/uploads\/2019\/03\/biodiversity_rgb-48x17.png 48w\" sizes=\"auto, (max-width: 277px) 100vw, 277px\" \/><\/a>Les mesures de conservation devraient toujours se fonder sur les connaissances et les exp\u00e9riences les plus r\u00e9centes en mati\u00e8re de protection de la nature. \u00c0 cette fin, des \u00e9changes techniques et une collaboration entre les milieux de la pratique et de la recherche en protection de la nature sont indispensables. La \u00ab\u00a0<strong>Foire aux questions pour la pratique de la conservation<\/strong>\u00a0\u00bb est un projet conjoint du Forum Biodiversit\u00e9 Suisse (SCNAT) et de la CDPNP qui se propose de remplir cette fonction de plateforme (<a href=\"http:\/\/kbnl.ch\/wp-content\/uploads\/2019\/03\/Widmer-et-al_NLInside_1804.pdf\">Widmer et al. 2018<\/a>).<\/p>\n<p><strong>La foire aux questions recueille et trie par prio<span style=\"color: #000000;\">rit\u00e9s les <a style=\"color: #000000;\" href=\"http:\/\/kbnl.ch\/fr\/fragenkatalog\/\">questions<\/a> con<\/span>cernant la pratique de la conservation\u00a0: <\/strong>les questions pos\u00e9es par les services cantonaux de protection de la nature et du paysage sont enregistr\u00e9es et tri\u00e9es par cat\u00e9gories sur la plateforme. Les services \u00e9tablissent une liste des priorit\u00e9s annuellement.<\/p>\n<p><strong>La foire aux questions aide \u00e0 trouver des r\u00e9ponses\u00a0:<\/strong> les services demandeurs b\u00e9n\u00e9ficient d\u2019une aide pour trouver les r\u00e9ponses \u00e0 leurs questions. Apr\u00e8s une courte recherche, nous rassemblons les connaissances et les exp\u00e9riences connues provenant de diverses sources et\/ou nous mettons les requ\u00e9rants en relations avec des experts qui connaissent les solutions. Veuillez prendre contact avec nous si vous avez connaissance d\u2019autres publications, rapports ou projets pertinents. Nous nous ferons un plaisir de les signaler dans la r\u00e9ponse \u00e0 la question concern\u00e9e.<\/p>\n<p><strong>La foire aux questions organise des ateliers sur des th\u00e8mes prioritaires\u00a0:<\/strong> pour r\u00e9pondre \u00e0 des questions d\u2019actualit\u00e9 prioritaires, le Forum Biodiversit\u00e9 Suisse organise des ateliers avec le concours des services cantonaux int\u00e9ress\u00e9s, pour \u00e9changer avec des experts de la protection de la nature issus du terrain, de l\u2019administration et de la recherche. L\u2019objectif principal de ce type de rencontre est d\u2019\u00e9changer des connaissances et des exp\u00e9riences, d\u2019identifier les lacunes de connaissances et, lorsque c\u2019est n\u00e9cessaire et possible, de lancer des travaux de recherche et de synth\u00e8se. Les comptes rendus des ateliers sont mis en ligne <a href=\"http:\/\/kbnl.ch\/fr\/marktplatz-fuer-fragen-aus-der-naturschutzpraxis\/workshops\/\">sur la plateforme<\/a>.<\/p>\n<p><strong>La foire aux questions fournit des probl\u00e9matiques de recherche aux \u00e9tudiants\u00a0:<\/strong> si vous \u00eates \u00e0 la recherche d\u2019un sujet de recherche appliqu\u00e9e pour un travail de bachelor, de master ou de doctorat, jetez un coup d\u2019\u0153il \u00e0 la <a href=\"http:\/\/kbnl.ch\/fr\/fragenkatalog\/\">liste des questions de recherche<\/a>. Si l\u2019une des questions ou l\u2019un des th\u00e8mes vous int\u00e9resse, annoncez-vous aupr\u00e8s du Forum Biodiversit\u00e9 Suisse, SCNAT, Berne, <a href=\"mailto:biodiversity@scnat.ch\">biodiversity@scnat.ch<\/a>, t\u00e9l. 031 306 93 40.<\/p>","protected":false},"excerpt":{"rendered":"<p>Les mesures de conservation devraient toujours se fonder sur les connaissances et les exp\u00e9riences les plus r\u00e9centes en mati\u00e8re de protection de la nature. \u00c0 cette fin, des \u00e9changes techniques et une collaboration entre les milieux de la pratique et de la recherche en protection de la nature sont indispensables. La \u00ab\u00a0Foire aux questions pour &#8230;<\/p>\n","protected":false},"author":33,"featured_media":0,"parent":0,"menu_order":0,"comment_status":"closed","ping_status":"closed","template":"","meta":{"footnotes":""},"class_list":["post-1449","page","type-page","status-publish","hentry"],"_links":{"self":[{"href":"https:\/\/kbnl.ch\/fr\/wp-json\/wp\/v2\/pages\/1449","targetHints":{"allow":["GET"]}}],"collection":[{"href":"https:\/\/kbnl.ch\/fr\/wp-json\/wp\/v2\/pages"}],"about":[{"href":"https:\/\/kbnl.ch\/fr\/wp-json\/wp\/v2\/types\/page"}],"author":[{"embeddable":true,"href":"https:\/\/kbnl.ch\/fr\/wp-json\/wp\/v2\/users\/33"}],"replies":[{"embeddable":true,"href":"https:\/\/kbnl.ch\/fr\/wp-json\/wp\/v2\/comments?post=1449"}],"version-history":[{"count":12,"href":"https:\/\/kbnl.ch\/fr\/wp-json\/wp\/v2\/pages\/1449\/revisions"}],"predecessor-version":[{"id":2779,"href":"https:\/\/kbnl.ch\/fr\/wp-json\/wp\/v2\/pages\/1449\/revisions\/2779"}],"wp:attachment":[{"href":"https:\/\/kbnl.ch\/fr\/wp-json\/wp\/v2\/media?parent=1449"}],"curies":[{"name":"wp","href":"https:\/\/api.w.org\/{rel}","templated":true}]}}