{"id":1463,"date":"2019-02-22T10:12:12","date_gmt":"2019-02-22T09:12:12","guid":{"rendered":"http:\/\/kbnl.ch\/?page_id=1463"},"modified":"2019-04-17T10:58:13","modified_gmt":"2019-04-17T08:58:13","slug":"workshops","status":"publish","type":"page","link":"https:\/\/kbnl.ch\/fr\/marktplatz-fuer-fragen-aus-der-naturschutzpraxis\/workshops\/","title":{"rendered":"Ateliers"},"content":{"rendered":"<p>Le Forum Biodiversit\u00e9 Suisse organise, avec le concours des services cantonaux int\u00e9ress\u00e9s, des ateliers sur des questions actuelles et prioritaires avec des experts de la protection de la nature issus du terrain, de l\u2019administration et de la recherche. L\u2019objectif principal de ce type de rencontre est d\u2019\u00e9changer des connaissances et des exp\u00e9riences, d\u2019identifier les lacunes de connaissances et, lorsque c\u2019est n\u00e9cessaire et possible, de lancer des travaux de recherche et de synth\u00e8se. Les comptes rendus des ateliers ainsi que d\u2019autres documents sont mis en ligne ci-dessous.<\/p>\n<p><strong>ATELIER 1: Protection et conservation du Sabot de V\u00e9nus (<em>Cypripedium calceolus<\/em>) en Suisse (9\u00a0mars 2018, Universit\u00e9 de Neuch\u00e2tel)<br \/>\n<\/strong>Lors de cet atelier, des experts en protection de la nature issus du terrain, de l\u2019administration et de la recherche ont abord\u00e9 diverses questions de recherche. En conclusion, il a \u00e9t\u00e9 d\u00e9cid\u00e9 de mener un travail de doctorat \u00e0 l\u2019Universit\u00e9 de Neuch\u00e2tel, dans le cadre duquel seront test\u00e9es diverses hypoth\u00e8ses utiles pour la pratique de la conservation. La doctorante et cheffe de projet,\u00a0<a href=\"https:\/\/www.unine.ch\/biologie\/en\/home\/collaborateurs\/functional-ecology\/olivia-rusconi.html\">Olivia Rusconi<\/a>, se propose ainsi d\u2019examiner le syst\u00e8me de pollinisation, la g\u00e9n\u00e9tique des populations ainsi que les mycorhizes propres \u00e0 cette esp\u00e8ce. Dans ce contexte, les scientifiques travailleront en \u00e9troite collaboration avec des experts de terrain.<\/p>\n<p><a href=\"http:\/\/kbnl.ch\/wp-content\/uploads\/2019\/03\/Abbildung-1.png\"><img loading=\"lazy\" decoding=\"async\" class=\"wp-image-1718 size-large alignnone\" src=\"http:\/\/kbnl.ch\/wp-content\/uploads\/2019\/03\/Abbildung-1-1024x477.png\" alt=\"\" width=\"650\" height=\"303\" srcset=\"https:\/\/kbnl.ch\/wp-content\/uploads\/2019\/03\/Abbildung-1-1024x477.png 1024w, https:\/\/kbnl.ch\/wp-content\/uploads\/2019\/03\/Abbildung-1-300x140.png 300w, https:\/\/kbnl.ch\/wp-content\/uploads\/2019\/03\/Abbildung-1-768x358.png 768w, https:\/\/kbnl.ch\/wp-content\/uploads\/2019\/03\/Abbildung-1-24x11.png 24w, https:\/\/kbnl.ch\/wp-content\/uploads\/2019\/03\/Abbildung-1-36x17.png 36w, https:\/\/kbnl.ch\/wp-content\/uploads\/2019\/03\/Abbildung-1-48x22.png 48w, https:\/\/kbnl.ch\/wp-content\/uploads\/2019\/03\/Abbildung-1.png 1141w\" sizes=\"auto, (max-width: 650px) 100vw, 650px\" \/><\/a><\/p>\n<ol>\n<li><a href=\"http:\/\/kbnl.ch\/wp-content\/uploads\/2019\/03\/Protocol_Workshop_Cypripedium_fr.pdf\">Proc\u00e8s-verbal de l&rsquo;atelier<\/a><\/li>\n<li>Aper\u00e7u du projet de recherche d\u2019Olivia Rusconi (Universit\u00e9 de Neuch\u00e2tel)\u00a0: \u00ab\u00a0<a href=\"http:\/\/kbnl.ch\/wp-content\/uploads\/2019\/03\/poster_OR_def.pdf\">From fundamental questions to practical conservation actions: a study of the pollination system, population genetics and mycorrhizal associations in Cypripedium calceolus (Orchidaceae)<\/a>\u201c<\/li>\n<\/ol>\n<p><strong>ATELIER 2: Exploitation pr\u00e9coce des prairies (\u00e0 liti\u00e8re) et des p\u00e2turages dans le respect de la flore et de la faune (7\u00a0d\u00e9cembre 2018, Maison des Acad\u00e9mies, Berne)<br \/>\n<\/strong><\/p>\n<p>Une cinquantaine de scientifiques et d\u2019experts de terrain se sont retrouv\u00e9s \u00e0 la Maison des Acad\u00e9mies \u00e0 Berne pour un \u00e9change sur le th\u00e8me de l\u2019exploitation pr\u00e9coce des prairies et p\u00e2turages et de son impact sur la flore et la faune. Les participants ont relev\u00e9 le grand potentiel pour la biodiversit\u00e9 d\u2019une fauche et, plus encore, d\u2019un p\u00e2turage pr\u00e9coces. Mais avant de mettre en place ce mode d\u2019exploitation, il faut d\u00e9finir des objectifs clairs. Il faut aussi tenir compte des valeurs pr\u00e9existantes de la biodiversit\u00e9 dans le cadre de la planification et de la r\u00e9alisation. Pour pouvoir aller de l\u2019avant, il s\u2019agit maintenant de combler les lacunes de connaissance qui ont \u00e9t\u00e9 identifi\u00e9es et de clarifier les questions li\u00e9es \u00e0 la mise en \u0153uvre.<\/p>\n<ol>\n<li><a href=\"http:\/\/kbnl.ch\/wp-content\/uploads\/2019\/03\/Bericht_WS-Fr\u00fchnutzung.pdf\">Compte rendu de l&rsquo;atelier (d)<\/a><\/li>\n<li>Pr\u00e9sentations<\/li>\n<\/ol>\n<ul>\n<li><em><a href=\"http:\/\/kbnl.ch\/wp-content\/uploads\/2019\/03\/0_Widmer_Intro.pdf\">Introduction (d) &#8211; Ivo Widmer &#8211; Forum Biodiversit\u00e9 Suisse (SCNAT)<\/a><\/em><\/li>\n<li><em><a href=\"http:\/\/kbnl.ch\/wp-content\/uploads\/2019\/03\/1_Kapfer_Historischer-Denkanstoss.pdf\">Rep\u00e8res historiques (d) &#8211; Alois Kapfer &#8211; Bureau d\u2019ing\u00e9nieurs Dr. Kapfer\u00a0<\/a><\/em><\/li>\n<li><em><a href=\"http:\/\/kbnl.ch\/wp-content\/uploads\/2019\/03\/2_Stampfli_Graslandnutzung-21.-Jahrhundert.pdf\">Exploitation des prairies au 21<sup>e<\/sup>\u00a0si\u00e8cle\u00a0: protection et conservation de la capacit\u00e9 de r\u00e9sistance (d) &#8211; Andreas Stampfli &#8211; \u00c9cologie des prairies BFH-HAFL<\/a><\/em><\/li>\n<li><em><a href=\"http:\/\/kbnl.ch\/wp-content\/uploads\/2019\/03\/3_Gonseth_Influences-potentielles-faune-invert\u00e9br\u00e9.pdf\">Fauche et p\u00e2ture: influences potentielles sur la faune invert\u00e9br\u00e9e &#8211; Yves Gonseth &#8211; info fauna CSCF<\/a><\/em><\/li>\n<li><em><a href=\"http:\/\/kbnl.ch\/wp-content\/uploads\/2019\/03\/4_Schuck_Potentiale-Risiken-V\u00f6gel.pdf\">Potentiel et resques de l&rsquo;exploitation pr\u00e9coce pur la faune aviaire (d) &#8211; Martin Schuck &#8211; Conservation des esp\u00e8ces, Bird Life Suisse<\/a><\/em><\/li>\n<li><em><a href=\"http:\/\/kbnl.ch\/wp-content\/uploads\/2019\/03\/5_Ritschard_Erfahrungen-Praxis.pdf\">Exploitation pr\u00e9coce\u00a0: exp\u00e9riences pratiques (d) &#8211; Eva Ritschard &#8211; Pro Natura<\/a><\/em><\/li>\n<li><em>Enjeux pratiques de l\u2019exploitation pr\u00e9coce (d) &#8211; Andreas Bosshard &#8211; Vision Agriculture (voir \u00e9galement le\u00a0<a href=\"http:\/\/kbnl.ch\/wp-content\/uploads\/2019\/03\/Bericht_WS-Fr\u00fchnutzung.pdf\">r\u00e9sum\u00e9 dans le compte rendu de l\u2019atelier<\/a>)<\/em><\/li>\n<li><em>De la date de fauche des aires de protection de la nature (r\u00e9sultats d\u2019un atelier) (d) &#8211; Simon Zeller &#8211; Office de la nature, de la chasse et de la p\u00eache du canton de Saint-Gall (voir \u00e9galement le <a href=\"http:\/\/kbnl.ch\/wp-content\/uploads\/2019\/03\/Bericht_WS-Fr\u00fchnutzung.pdf\">r\u00e9sum\u00e9 dans le compte rendu de l\u2019atelier<\/a>)<\/em><\/li>\n<li><em><a href=\"http:\/\/kbnl.ch\/wp-content\/uploads\/2019\/03\/8_Birrer-B\u00fchler-Projekt-Fr\u00fchnutzungen.pdf\">Fauche et p\u00e2turage pr\u00e9coces dans un r\u00e9gime de protection des prairies riches en esp\u00e8ces (esquisse de projet) (d) &#8211; Stefan Birrer &amp; Christoph B\u00fchler, Hintermann &amp; Weber\u00a0<\/a><\/em><\/li>\n<\/ul>\n<p><\/p>","protected":false},"excerpt":{"rendered":"<p>Le Forum Biodiversit\u00e9 Suisse organise, avec le concours des services cantonaux int\u00e9ress\u00e9s, des ateliers sur des questions actuelles et prioritaires avec des experts de la protection de la nature issus du terrain, de l\u2019administration et de la recherche. L\u2019objectif principal de ce type de rencontre est d\u2019\u00e9changer des connaissances et des exp\u00e9riences, d\u2019identifier les lacunes &#8230;<\/p>\n","protected":false},"author":33,"featured_media":0,"parent":1449,"menu_order":1,"comment_status":"closed","ping_status":"closed","template":"","meta":{"footnotes":""},"class_list":["post-1463","page","type-page","status-publish","hentry"],"_links":{"self":[{"href":"https:\/\/kbnl.ch\/fr\/wp-json\/wp\/v2\/pages\/1463","targetHints":{"allow":["GET"]}}],"collection":[{"href":"https:\/\/kbnl.ch\/fr\/wp-json\/wp\/v2\/pages"}],"about":[{"href":"https:\/\/kbnl.ch\/fr\/wp-json\/wp\/v2\/types\/page"}],"author":[{"embeddable":true,"href":"https:\/\/kbnl.ch\/fr\/wp-json\/wp\/v2\/users\/33"}],"replies":[{"embeddable":true,"href":"https:\/\/kbnl.ch\/fr\/wp-json\/wp\/v2\/comments?post=1463"}],"version-history":[{"count":12,"href":"https:\/\/kbnl.ch\/fr\/wp-json\/wp\/v2\/pages\/1463\/revisions"}],"predecessor-version":[{"id":1742,"href":"https:\/\/kbnl.ch\/fr\/wp-json\/wp\/v2\/pages\/1463\/revisions\/1742"}],"up":[{"embeddable":true,"href":"https:\/\/kbnl.ch\/fr\/wp-json\/wp\/v2\/pages\/1449"}],"wp:attachment":[{"href":"https:\/\/kbnl.ch\/fr\/wp-json\/wp\/v2\/media?parent=1463"}],"curies":[{"name":"wp","href":"https:\/\/api.w.org\/{rel}","templated":true}]}}