{"id":219,"date":"2016-03-15T17:27:36","date_gmt":"2016-03-15T16:27:36","guid":{"rendered":"http:\/\/kbnl.ch\/\/?page_id=219"},"modified":"2018-01-10T08:39:25","modified_gmt":"2018-01-10T07:39:25","slug":"landschaft","status":"publish","type":"page","link":"https:\/\/kbnl.ch\/fr\/nl-praxis\/landschaft\/","title":{"rendered":"Paysages"},"content":{"rendered":"<p><\/p>\n<ul>\n<li><a href=\"https:\/\/www.blw.admin.ch\/blw\/fr\/home\/instrumente\/direktzahlungen\/landschaftsqualitaetsbeitrag.html\" target=\"_blank\" rel=\"noopener noreferrer\"><strong>Contributions \u00e0 la qualit\u00e9 du paysage<\/strong><\/a> (OFAG)<\/li>\n<li><a href=\"http:\/\/www.lek-forum.ch\/\" target=\"_blank\" rel=\"noopener noreferrer\"><strong>Forum CEP<\/strong><\/a> (Hochschule f\u00fcr Technik Rapperswil HSR): outils pour la r\u00e9alisation d\u2019une conception d\u2019\u00e9volution du paysage.<\/li>\n<li><a href=\"http:\/\/www.nls.ethz.ch\/landschafts_cd\/demo\/cd_demo\/demo_index.html\" target=\"_blank\" rel=\"noopener noreferrer\"><strong>Landschafts-CD<\/strong><\/a> (module de d\u00e9monstration en allemand; chaire N+P de l\u2019EPF): proc\u00e9dures, normalisation, relev\u00e9s et pr\u00e9sentation d\u2019\u00e9l\u00e9ments du paysage.<\/li>\n<li><a href=\"http:\/\/www.wsl.ch\/land\/products\/grossschutz\/praxis.html\" target=\"_blank\" rel=\"noopener noreferrer\"><strong>Grandes zones prot\u00e9g\u00e9es \u2014 recherche assist\u00e9e par SIG<\/strong><\/a> (WSL, en allemand): premi\u00e8rement, filtrer les paysages faiblement morcel\u00e9s par les routes, les voies de chemins de fer et autres \u00e9l\u00e9ments lin\u00e9aires du paysage; deuxi\u00e8mement, superposer ces espaces relativement peu morcel\u00e9s \u00e0 d\u2019autres informations spatiales, comme la diversit\u00e9 des esp\u00e8ces ou la densit\u00e9 de population. De cette mani\u00e8re, les utilisateurs peuvent d\u00e9limiter les zones les mieux adapt\u00e9es pour chaque strat\u00e9gie de protection.<\/li>\n<li><a href=\"http:\/\/www.wsl.ch\/land\/products\/biosphaere\/\" target=\"_blank\" rel=\"noopener noreferrer\"><strong>R\u00e9serves de biosph\u00e8re en Suisse \u2014 un instrument d\u2019\u00e9valuation<\/strong><\/a> (WSL, en allemand): les utilisateurs peuvent v\u00e9rifier si, en comparaison nationale, leur r\u00e9gion pourrait constituer une r\u00e9serve de biosph\u00e8re, consulter des solutions pr\u00eates \u00e0 l\u2019emploi, ou encore rechercher des biosph\u00e8res potentielles selon leurs propres crit\u00e8res.<\/li>\n<li><strong><a href=\"https:\/\/www.bafu.admin.ch\/bafu\/fr\/home\/themes\/paysage\/publications-etudes\/publications\/constructions-et-installations-dans-les-sites-marecageux.html\">Constructions et installations dans les sites mar\u00e9cageux<\/a>\u00a0<\/strong>(Aide \u00e0 l\u2019ex\u00e9cution, OFEV)<\/li>\n<\/ul>\n<p><\/p>","protected":false},"excerpt":{"rendered":"<p>Contributions \u00e0 la qualit\u00e9 du paysage (OFAG) Forum CEP (Hochschule f\u00fcr Technik Rapperswil HSR): outils pour la r\u00e9alisation d\u2019une conception d\u2019\u00e9volution du paysage. Landschafts-CD (module de d\u00e9monstration en allemand; chaire N+P de l\u2019EPF): proc\u00e9dures, normalisation, relev\u00e9s et pr\u00e9sentation d\u2019\u00e9l\u00e9ments du paysage. Grandes zones prot\u00e9g\u00e9es \u2014 recherche assist\u00e9e par SIG (WSL, en allemand): premi\u00e8rement, filtrer les &#8230;<\/p>\n","protected":false},"author":1,"featured_media":0,"parent":45,"menu_order":0,"comment_status":"closed","ping_status":"closed","template":"","meta":{"footnotes":""},"class_list":["post-219","page","type-page","status-publish","hentry"],"_links":{"self":[{"href":"https:\/\/kbnl.ch\/fr\/wp-json\/wp\/v2\/pages\/219","targetHints":{"allow":["GET"]}}],"collection":[{"href":"https:\/\/kbnl.ch\/fr\/wp-json\/wp\/v2\/pages"}],"about":[{"href":"https:\/\/kbnl.ch\/fr\/wp-json\/wp\/v2\/types\/page"}],"author":[{"embeddable":true,"href":"https:\/\/kbnl.ch\/fr\/wp-json\/wp\/v2\/users\/1"}],"replies":[{"embeddable":true,"href":"https:\/\/kbnl.ch\/fr\/wp-json\/wp\/v2\/comments?post=219"}],"version-history":[{"count":18,"href":"https:\/\/kbnl.ch\/fr\/wp-json\/wp\/v2\/pages\/219\/revisions"}],"predecessor-version":[{"id":1278,"href":"https:\/\/kbnl.ch\/fr\/wp-json\/wp\/v2\/pages\/219\/revisions\/1278"}],"up":[{"embeddable":true,"href":"https:\/\/kbnl.ch\/fr\/wp-json\/wp\/v2\/pages\/45"}],"wp:attachment":[{"href":"https:\/\/kbnl.ch\/fr\/wp-json\/wp\/v2\/media?parent=219"}],"curies":[{"name":"wp","href":"https:\/\/api.w.org\/{rel}","templated":true}]}}