{"id":229,"date":"2016-03-15T17:30:20","date_gmt":"2016-03-15T16:30:20","guid":{"rendered":"http:\/\/kbnl.ch\/\/?page_id=229"},"modified":"2020-04-28T17:03:53","modified_gmt":"2020-04-28T15:03:53","slug":"landwirtschaft","status":"publish","type":"page","link":"https:\/\/kbnl.ch\/fr\/nl-praxis\/landwirtschaft\/","title":{"rendered":"Agriculture"},"content":{"rendered":"<p><\/p>\n<ul>\n<li><a href=\"https:\/\/www.blw.admin.ch\/blw\/fr\/home\/politik\/agrarpolitik.html\" target=\"_blank\" rel=\"noopener noreferrer\"><strong>Politique agricole<\/strong><\/a>\u00a0(OFAG): multiples informations sur la politique agricole actuelle.<\/li>\n<li><a href=\"https:\/\/www.blw.admin.ch\/blw\/fr\/home\/instrumente\/direktzahlungen.html\" target=\"_blank\" rel=\"noopener noreferrer\"><strong>Paiements directs<\/strong><\/a>: informations concernant le syst\u00e8me des paiements directs et l\u2019ordonnance sur les paiements directs (OPD)<\/li>\n<li><a href=\"http:\/\/www.agridea.ch\/fr\/\" target=\"_blank\" rel=\"noopener noreferrer\"><strong>Agridea<\/strong><\/a>: centrale de vulgarisation agricole<\/li>\n<li><a href=\"http:\/\/www.agridea.ch\/fr\/publications\/publications\/environnement-paysage\/aspects-legaux-et-administratifs\/surfaces-de-promotion-de-la-biodiversite-dans-lexploitation-agricole-annexe\/\" target=\"_blank\" rel=\"noopener noreferrer\"><strong>Guide Promotion de la biodiversit\u00e9 dans l\u2019exploitation agricole<\/strong><\/a> (Agridea)<\/li>\n<li><a href=\"http:\/\/www.jgk.be.ch\/jgk\/fr\/index\/raumplanung\/raumplanung\/kantonale_raumplanung\/landschaft_oekologie.html\" target=\"_blank\" rel=\"noopener noreferrer\"><strong>L\u2019OQE dans le canton de Berne<\/strong><\/a>: aide \u00e0 l\u2019ex\u00e9cution de l\u2019OQE, amples informations sur la planification et les exigences<\/li>\n<li><a href=\"http:\/\/www.aln.zh.ch\/internet\/baudirektion\/aln\/de\/naturschutz\/lek.html\" target=\"_blank\" rel=\"noopener noreferrer\"><strong>La CEP dans le canton de Zurich<\/strong><\/a>: collection de liens pour tous les milieux concern\u00e9s par la conception d\u2019\u00e9volution du paysage (en allemand)<\/li>\n<li><a href=\"http:\/\/www.agridea.ch\/fr\/publications\/publications\/environnement-paysage\/aspects-legaux-et-administratifs\/indicateurs-de-qualite-biologique-pour-le-nord-des-alpes\/\" target=\"_blank\" rel=\"noopener noreferrer\"><strong>OQE: indicateurs de qualit\u00e9 biologique pour le nord des Alpes<\/strong><\/a>: toutes les plantes indicatrices utilis\u00e9es dans la nomenclature f\u00e9d\u00e9rale sont group\u00e9es par couleurs, illustr\u00e9es et d\u00e9crites dans cette fiche, y compris les plantes avec lesquelles elles risqueraient d\u2019\u00eatre confondues<\/li>\n<li><a href=\"https:\/\/kbnl.ch\/wp-content\/uploads\/2020\/04\/sols-mare\u0301cageux_franz-2020-1.pdf\"><strong>Fiche d\u2019information sur les sols mar\u00e9cageux\u00a0<\/strong><\/a>: Projet d\u2019innovation \u00ab Utilisation des sols drain\u00e9s \u00bb des cantons d\u2019Argovie et Zurich, avec le soutien de l\u2019OFEV, 2019<\/li>\n<\/ul>\n<p>&nbsp;<\/p>","protected":false},"excerpt":{"rendered":"<p>Politique agricole\u00a0(OFAG): multiples informations sur la politique agricole actuelle. Paiements directs: informations concernant le syst\u00e8me des paiements directs et l\u2019ordonnance sur les paiements directs (OPD) Agridea: centrale de vulgarisation agricole Guide Promotion de la biodiversit\u00e9 dans l\u2019exploitation agricole (Agridea) L\u2019OQE dans le canton de Berne: aide \u00e0 l\u2019ex\u00e9cution de l\u2019OQE, amples informations sur la planification &#8230;<\/p>\n","protected":false},"author":1,"featured_media":0,"parent":45,"menu_order":0,"comment_status":"closed","ping_status":"closed","template":"","meta":{"footnotes":""},"class_list":["post-229","page","type-page","status-publish","hentry"],"_links":{"self":[{"href":"https:\/\/kbnl.ch\/fr\/wp-json\/wp\/v2\/pages\/229","targetHints":{"allow":["GET"]}}],"collection":[{"href":"https:\/\/kbnl.ch\/fr\/wp-json\/wp\/v2\/pages"}],"about":[{"href":"https:\/\/kbnl.ch\/fr\/wp-json\/wp\/v2\/types\/page"}],"author":[{"embeddable":true,"href":"https:\/\/kbnl.ch\/fr\/wp-json\/wp\/v2\/users\/1"}],"replies":[{"embeddable":true,"href":"https:\/\/kbnl.ch\/fr\/wp-json\/wp\/v2\/comments?post=229"}],"version-history":[{"count":33,"href":"https:\/\/kbnl.ch\/fr\/wp-json\/wp\/v2\/pages\/229\/revisions"}],"predecessor-version":[{"id":2055,"href":"https:\/\/kbnl.ch\/fr\/wp-json\/wp\/v2\/pages\/229\/revisions\/2055"}],"up":[{"embeddable":true,"href":"https:\/\/kbnl.ch\/fr\/wp-json\/wp\/v2\/pages\/45"}],"wp:attachment":[{"href":"https:\/\/kbnl.ch\/fr\/wp-json\/wp\/v2\/media?parent=229"}],"curies":[{"name":"wp","href":"https:\/\/api.w.org\/{rel}","templated":true}]}}