{"id":379,"date":"2016-04-12T10:33:41","date_gmt":"2016-04-12T08:33:41","guid":{"rendered":"http:\/\/kbnl.ch\/\/?page_id=379"},"modified":"2017-04-12T09:19:21","modified_gmt":"2017-04-12T07:19:21","slug":"gewaesserschutz-3","status":"publish","type":"page","link":"https:\/\/kbnl.ch\/fr\/nl-praxis\/gewaesserschutz-3\/","title":{"rendered":"Protection des eaux"},"content":{"rendered":"<p><\/p>\n<ul>\n<li><strong><a class=\"teLi\" href=\"http:\/\/www.bafu.admin.ch\/wasser\/13465\/13486\/index.html?lang=fr\" target=\"_blank\">Protection des eaux (OVEF)<\/a>\u00a0<\/strong>: Informations utiles concernant la\u00a0protection des eaux.\n<ul>\n<li><a class=\"teLi\" href=\"https:\/\/www.bafu.admin.ch\/bafu\/fr\/home\/themes\/eaux\/droit\/lois-ordonnances.html\" target=\"_blank\">Bases l\u00e9gales<\/a>\u00a0(LEaux, OEaux)<\/li>\n<li><a class=\"teLi\" href=\"https:\/\/www.bafu.admin.ch\/bafu\/fr\/home\/themes\/eaux\/info-specialistes\/mesures-pour-la-protection-des-eaux\/renaturation-des-eaux.html\" target=\"_blank\">Informations concernant la renaturation des eaux<\/a>\u00a0(Mesures de revitalisation, espace r\u00e9serv\u00e9 aux eaux, effet d&rsquo;eclus\u00e9e, charriage, migration des poissons, d\u00e9bits r\u00e9siduels) et\u00a0<a class=\"teLi\" href=\"https:\/\/www.bafu.admin.ch\/bafu\/fr\/home\/themes\/eaux\/info-specialistes\/mesures-pour-la-protection-des-eaux\/renaturation-des-eaux\/aide-a-l-execution---renaturation-des-eaux--.html\" target=\"_blank\">aide \u00e0 l&rsquo;ex\u00e9cution<\/a><\/li>\n<\/ul>\n<\/li>\n<li><a class=\"teLi\" href=\"http:\/\/www.bafu.admin.ch\/publikationen\/publikation\/01678\/index.html?lang=fr\" target=\"_blank\"><strong>Collection des brochures concernant <b class=\"b2\"> <\/b><b class=\"b3\">g\u00e9n<\/b><b class=\"b4\">ie <\/b><b class=\"b5\">hydraulique et \u00e9cologie<\/b><\/strong><\/a><\/li>\n<li><strong><a class=\"teLi\" href=\"http:\/\/www.eawag.ch\/fr\/portrait\/portrait\/?clear_lang=1&amp;cHash=de20492e385e2fe68d5d60b7221f8d91\" target=\"_blank\">Institut des sciences de l&rsquo;eau EAWAG<\/a><\/strong><\/li>\n<\/ul>\n<p><\/p>","protected":false},"excerpt":{"rendered":"<p>Protection des eaux (OVEF)\u00a0: Informations utiles concernant la\u00a0protection des eaux. Bases l\u00e9gales\u00a0(LEaux, OEaux) Informations concernant la renaturation des eaux\u00a0(Mesures de revitalisation, espace r\u00e9serv\u00e9 aux eaux, effet d&rsquo;eclus\u00e9e, charriage, migration des poissons, d\u00e9bits r\u00e9siduels) et\u00a0aide \u00e0 l&rsquo;ex\u00e9cution Collection des brochures concernant g\u00e9nie hydraulique et \u00e9cologie Institut des sciences de l&rsquo;eau EAWAG<\/p>\n","protected":false},"author":1,"featured_media":0,"parent":45,"menu_order":0,"comment_status":"closed","ping_status":"closed","template":"","meta":{"footnotes":""},"class_list":["post-379","page","type-page","status-publish","hentry"],"_links":{"self":[{"href":"https:\/\/kbnl.ch\/fr\/wp-json\/wp\/v2\/pages\/379","targetHints":{"allow":["GET"]}}],"collection":[{"href":"https:\/\/kbnl.ch\/fr\/wp-json\/wp\/v2\/pages"}],"about":[{"href":"https:\/\/kbnl.ch\/fr\/wp-json\/wp\/v2\/types\/page"}],"author":[{"embeddable":true,"href":"https:\/\/kbnl.ch\/fr\/wp-json\/wp\/v2\/users\/1"}],"replies":[{"embeddable":true,"href":"https:\/\/kbnl.ch\/fr\/wp-json\/wp\/v2\/comments?post=379"}],"version-history":[{"count":13,"href":"https:\/\/kbnl.ch\/fr\/wp-json\/wp\/v2\/pages\/379\/revisions"}],"predecessor-version":[{"id":1112,"href":"https:\/\/kbnl.ch\/fr\/wp-json\/wp\/v2\/pages\/379\/revisions\/1112"}],"up":[{"embeddable":true,"href":"https:\/\/kbnl.ch\/fr\/wp-json\/wp\/v2\/pages\/45"}],"wp:attachment":[{"href":"https:\/\/kbnl.ch\/fr\/wp-json\/wp\/v2\/media?parent=379"}],"curies":[{"name":"wp","href":"https:\/\/api.w.org\/{rel}","templated":true}]}}