{"id":45,"date":"2016-02-15T17:27:44","date_gmt":"2016-02-15T16:27:44","guid":{"rendered":"http:\/\/kbnl.ch\/\/?page_id=45"},"modified":"2021-12-17T09:10:15","modified_gmt":"2021-12-17T08:10:15","slug":"nl-praxis","status":"publish","type":"page","link":"https:\/\/kbnl.ch\/fr\/nl-praxis\/","title":{"rendered":"La N+P pratique"},"content":{"rendered":"<p>Dans cette rubrique, la CDPNP rassemble de la documentation et des liens en rapport avec la pratique N+P, afin de les rendre accessibles au plus grand nombre.<\/p>\n<p><strong>Projets actuels<\/strong><\/p>\n<ul>\n<li><strong><a href=\"http:\/\/kbnl.ch\/nl-praxis\/biotop-und-artenschutz\/\">Plan d\u2019action Plateforme d\u2019\u00e9change pour la conservation des esp\u00e8ces sur le Plateau<\/a><\/strong><\/li>\n<li><strong><a class=\"teLi\" href=\"https:\/\/kbnl.ch\/wp-content\/uploads\/2020\/02\/Vollzug_Ersatz_Ausgleichsmassnahmen_200206.pdf\" target=\"_blank\" rel=\"noopener noreferrer\">Ex\u00e9cution : mesures de remplacement et mesures de compensation<\/a> <\/strong>(6.2.2020)<\/li>\n<\/ul>\n<p><\/p>","protected":false},"excerpt":{"rendered":"<p>Dans cette rubrique, la CDPNP rassemble de la documentation et des liens en rapport avec la pratique N+P, afin de les rendre accessibles au plus grand nombre. Projets actuels Plan d\u2019action Plateforme d\u2019\u00e9change pour la conservation des esp\u00e8ces sur le Plateau Ex\u00e9cution : mesures de remplacement et mesures de compensation (6.2.2020)<\/p>\n","protected":false},"author":1,"featured_media":152,"parent":0,"menu_order":0,"comment_status":"closed","ping_status":"closed","template":"","meta":{"footnotes":""},"class_list":["post-45","page","type-page","status-publish","has-post-thumbnail","hentry"],"_links":{"self":[{"href":"https:\/\/kbnl.ch\/fr\/wp-json\/wp\/v2\/pages\/45","targetHints":{"allow":["GET"]}}],"collection":[{"href":"https:\/\/kbnl.ch\/fr\/wp-json\/wp\/v2\/pages"}],"about":[{"href":"https:\/\/kbnl.ch\/fr\/wp-json\/wp\/v2\/types\/page"}],"author":[{"embeddable":true,"href":"https:\/\/kbnl.ch\/fr\/wp-json\/wp\/v2\/users\/1"}],"replies":[{"embeddable":true,"href":"https:\/\/kbnl.ch\/fr\/wp-json\/wp\/v2\/comments?post=45"}],"version-history":[{"count":31,"href":"https:\/\/kbnl.ch\/fr\/wp-json\/wp\/v2\/pages\/45\/revisions"}],"predecessor-version":[{"id":2507,"href":"https:\/\/kbnl.ch\/fr\/wp-json\/wp\/v2\/pages\/45\/revisions\/2507"}],"wp:featuredmedia":[{"embeddable":true,"href":"https:\/\/kbnl.ch\/fr\/wp-json\/wp\/v2\/media\/152"}],"wp:attachment":[{"href":"https:\/\/kbnl.ch\/fr\/wp-json\/wp\/v2\/media?parent=45"}],"curies":[{"name":"wp","href":"https:\/\/api.w.org\/{rel}","templated":true}]}}