{"id":450,"date":"2016-04-13T16:24:34","date_gmt":"2016-04-13T14:24:34","guid":{"rendered":"http:\/\/kbnl.ch\/\/?page_id=450"},"modified":"2016-04-13T16:24:45","modified_gmt":"2016-04-13T14:24:45","slug":"impressum","status":"publish","type":"page","link":"https:\/\/kbnl.ch\/fr\/impressum\/","title":{"rendered":"Impressum"},"content":{"rendered":"<p><strong>Verantwortlich f\u00fcr den Inhalt<\/strong><\/p>\n<p>KBNL-Gesch\u00e4ftsstelle<br \/>\nc\/o ARNAL, B\u00fcro f\u00fcr Natur und Landschaft AG<\/p>\n<p>Kasernenstrasse 37<br \/>\n9100 Herisau<\/p>\n<p>Kontakt: <a href=\"mailto:web@kbnl.ch\">web@kbnl.ch<\/a><\/p>\n<p>&nbsp;<\/p>\n<p><strong>Technische Umsetzung<\/strong><\/p>\n<p>newday, Zielstrasse 25, 9050 Appenzell<br \/>\n<a href=\"http:\/\/www.newday.ch\">www.newday.ch<\/a><br \/>\n<strong>Bilder<\/strong><\/p>\n<p>KBNL, ARNAL<br \/>\n<strong><br \/>\n<strong>URHEBERRECHTE<\/strong><\/strong><br \/>\nDas Design, der gesamte Inhalt und die Struktur der KBNL-Webseite sind urheberrechtlich gesch\u00fctzt. Die vollst\u00e4ndige oder teilweise Reproduktion, die elektronische oder mit anderen Mitteln erfolgte \u00dcbermittlung, die Modifikation oder die Benutzung f\u00fcr \u00f6ffentliche oder kommerzielle Zwecke ist ohne vorherige schriftliche Zustimmung von der KBNL untersagt.<\/p>\n<p><strong>Hinweis<\/strong><\/p>\n<p>Alle auf dieser Website befindlichen Links zu Fremdseiten dienen nur zur Erg\u00e4nzung eigener Inhalte. Die KBNL distanziert sich ausdr\u00fccklich von den Inhalten auf Fremdseiten, insbesondere, wenn diese rechtlich nicht vertretbar sind.<\/p>\n<p>&nbsp;<\/p>\n","protected":false},"excerpt":{"rendered":"<p>Verantwortlich f\u00fcr den Inhalt KBNL-Gesch\u00e4ftsstelle c\/o ARNAL, B\u00fcro f\u00fcr Natur und Landschaft AG Kasernenstrasse 37 9100 Herisau Kontakt: web@kbnl.ch &nbsp; Technische Umsetzung newday, Zielstrasse 25, 9050 Appenzell www.newday.ch Bilder KBNL, ARNAL URHEBERRECHTE Das Design, der gesamte Inhalt und die Struktur der KBNL-Webseite sind urheberrechtlich gesch\u00fctzt. Die vollst\u00e4ndige oder teilweise Reproduktion, die elektronische oder mit anderen &#8230;<\/p>\n","protected":false},"author":1,"featured_media":0,"parent":0,"menu_order":0,"comment_status":"closed","ping_status":"closed","template":"","meta":{"footnotes":""},"class_list":["post-450","page","type-page","status-publish","hentry"],"_links":{"self":[{"href":"https:\/\/kbnl.ch\/fr\/wp-json\/wp\/v2\/pages\/450","targetHints":{"allow":["GET"]}}],"collection":[{"href":"https:\/\/kbnl.ch\/fr\/wp-json\/wp\/v2\/pages"}],"about":[{"href":"https:\/\/kbnl.ch\/fr\/wp-json\/wp\/v2\/types\/page"}],"author":[{"embeddable":true,"href":"https:\/\/kbnl.ch\/fr\/wp-json\/wp\/v2\/users\/1"}],"replies":[{"embeddable":true,"href":"https:\/\/kbnl.ch\/fr\/wp-json\/wp\/v2\/comments?post=450"}],"version-history":[{"count":2,"href":"https:\/\/kbnl.ch\/fr\/wp-json\/wp\/v2\/pages\/450\/revisions"}],"predecessor-version":[{"id":453,"href":"https:\/\/kbnl.ch\/fr\/wp-json\/wp\/v2\/pages\/450\/revisions\/453"}],"wp:attachment":[{"href":"https:\/\/kbnl.ch\/fr\/wp-json\/wp\/v2\/media?parent=450"}],"curies":[{"name":"wp","href":"https:\/\/api.w.org\/{rel}","templated":true}]}}