{"id":52,"date":"2016-02-16T11:36:09","date_gmt":"2016-02-16T10:36:09","guid":{"rendered":"http:\/\/kbnl.ch\/\/?page_id=52"},"modified":"2026-03-05T08:54:28","modified_gmt":"2026-03-05T07:54:28","slug":"vorstand","status":"publish","type":"page","link":"https:\/\/kbnl.ch\/fr\/organisation-und-kontakt\/vorstand\/","title":{"rendered":"Comit\u00e9"},"content":{"rendered":"<p>Le comit\u00e9 est compos\u00e9 des <span class=\"teFl\" style=\"font-family: Arial, Helvetica, sans-serif;\">5 membres<\/span>:<\/p>\n<table border=\"0\" width=\"467\" cellspacing=\"0\" cellpadding=\"4\">\n<tbody>\n<tr valign=\"top\">\n<td class=\"teFl\" width=\"107\">Pr\u00e9sident<\/td>\n<td class=\"teFl\" width=\"344\"><strong>Francesca Cheda<\/strong><\/p>\n<p>Service des f\u00f4rets et de la nature (SFN)<br \/>\nFribourg, <strong>FR<br \/>\n<\/strong>Organisation interne: Pr\u00e9sidence (Prises de position)<br \/>\nDicast\u00e8re: Repr\u00e9sentation pr\u00e9sidentielle, Echanges (biodiversit\u00e9 et paysage) entre la Suisse latine et la Suisse al\u00e9manique, Plateformes N+P, D\u00e9tection pr\u00e9coce N+P), Agriculture<\/td>\n<\/tr>\n<tr valign=\"top\">\n<td class=\"teFl\" width=\"107\" height=\"51\">Vice-pr\u00e9sidente<\/td>\n<td class=\"teFl\" width=\"344\"><b>Ursina Wiedmer<\/b><\/p>\n<p><span class=\"teFl\">Amt f\u00fcr Landschaft und Natur, Fachstelle Naturschutz<br \/>\n<\/span>Zurich, <strong>ZH<\/strong><br \/>\nOrganisation interne: Vice-pr\u00e9sidence (Communication de l&rsquo;association)<br \/>\nDicast\u00e8re: Biodiversit\u00e9<\/td>\n<\/tr>\n<tr valign=\"top\">\n<td class=\"teFl\" width=\"107\">Assesseurs<\/td>\n<td class=\"teFl\" width=\"344\"><strong>Urs Gimmi<\/strong><\/p>\n<p>Amt f\u00fcr Natur, Jagd und Fischerei des Kt. St.Gallen Abteilung Natur- und Landschaftsschutz<br \/>\nSt.Gallen, <strong>SG<br \/>\n<\/strong>Organisation interne: Assesseur<br \/>\nDicast\u00e8re: Soci\u00e9t\u00e9 \/ Politique, Paysage \/ Am\u00e9nagement du territoire<\/td>\n<\/tr>\n<tr>\n<td><\/td>\n<td><strong>Yvonne Reisner<\/strong><\/p>\n<p>Stadtg\u00e4rtnerei Basel<br \/>\nBereich Natur Landschaft B\u00e4ume<br \/>\nB\u00e2le-Ville,<b class=\"b3\">\u00a0BS<\/b><br \/>\nOrganisation interne: Assesseuse<br \/>\nDicast\u00e8re: Biodiversit\u00e9 dans les zones urbaines et coordination avec les loisirs de proximit\u00e9 et les adaptations climatiques<b><br \/>\n<\/b><\/td>\n<\/tr>\n<tr>\n<td><\/td>\n<td><strong>Yann Clavien<\/strong><\/p>\n<p>Service des for\u00eats, des cours et et du paysage<br \/>\nValais,\u00a0<strong>VS<br \/>\n<\/strong>Organisation interne: Assesseur, Cassier<b><br \/>\n<\/b><\/td>\n<\/tr>\n<\/tbody>\n<\/table>\n<p><\/p>","protected":false},"excerpt":{"rendered":"<p>Le comit\u00e9 est compos\u00e9 des 5 membres: Pr\u00e9sident Francesca Cheda Service des f\u00f4rets et de la nature (SFN) Fribourg, FR Organisation interne: Pr\u00e9sidence (Prises de position) Dicast\u00e8re: Repr\u00e9sentation pr\u00e9sidentielle, Echanges (biodiversit\u00e9 et paysage) entre la Suisse latine et la Suisse al\u00e9manique, Plateformes N+P, D\u00e9tection pr\u00e9coce N+P), Agriculture Vice-pr\u00e9sidente Ursina Wiedmer Amt f\u00fcr Landschaft und Natur, &#8230;<\/p>\n","protected":false},"author":1,"featured_media":0,"parent":9,"menu_order":0,"comment_status":"closed","ping_status":"closed","template":"","meta":{"footnotes":""},"class_list":["post-52","page","type-page","status-publish","hentry"],"_links":{"self":[{"href":"https:\/\/kbnl.ch\/fr\/wp-json\/wp\/v2\/pages\/52","targetHints":{"allow":["GET"]}}],"collection":[{"href":"https:\/\/kbnl.ch\/fr\/wp-json\/wp\/v2\/pages"}],"about":[{"href":"https:\/\/kbnl.ch\/fr\/wp-json\/wp\/v2\/types\/page"}],"author":[{"embeddable":true,"href":"https:\/\/kbnl.ch\/fr\/wp-json\/wp\/v2\/users\/1"}],"replies":[{"embeddable":true,"href":"https:\/\/kbnl.ch\/fr\/wp-json\/wp\/v2\/comments?post=52"}],"version-history":[{"count":86,"href":"https:\/\/kbnl.ch\/fr\/wp-json\/wp\/v2\/pages\/52\/revisions"}],"predecessor-version":[{"id":3185,"href":"https:\/\/kbnl.ch\/fr\/wp-json\/wp\/v2\/pages\/52\/revisions\/3185"}],"up":[{"embeddable":true,"href":"https:\/\/kbnl.ch\/fr\/wp-json\/wp\/v2\/pages\/9"}],"wp:attachment":[{"href":"https:\/\/kbnl.ch\/fr\/wp-json\/wp\/v2\/media?parent=52"}],"curies":[{"name":"wp","href":"https:\/\/api.w.org\/{rel}","templated":true}]}}