{"id":62,"date":"2016-02-16T11:40:44","date_gmt":"2016-02-16T10:40:44","guid":{"rendered":"http:\/\/kbnl.ch\/\/?page_id=62"},"modified":"2025-09-23T17:14:09","modified_gmt":"2025-09-23T15:14:09","slug":"aktuel","status":"publish","type":"page","link":"https:\/\/kbnl.ch\/fr\/aktuel\/","title":{"rendered":"Actuel"},"content":{"rendered":"<p>Les principales \u00e9ch\u00e9ances de l\u2019ann\u00e9e en cours sont annonc\u00e9es dans la rubrique Actuel.<br \/>\nIci, vous trouvez \u00e9galement des informations au sujet du magazine N+P Inside et des d\u00e9lais de cl\u00f4ture de la r\u00e9daction.<br \/>\nUn article tir\u00e9 de la derni\u00e8re \u00e9dition de N+P Inside est pr\u00e9sent\u00e9 \u00e0 la rubrique Projets de terrain et recherche.<\/p>\n<p><strong>Projet actuel<\/strong><\/p>\n<p><strong> <a href=\"http:\/\/kbnl.ch\/nl-praxis\/biotop-und-artenschutz\/\">\u00ab\u00a0Plan d\u2019action Plateforme d\u2019\u00e9change pour la conservation des esp\u00e8ces sur le Plateau\u00a0\u00bb<\/a><\/strong><\/p>\n<p>&nbsp;<\/p>","protected":false},"excerpt":{"rendered":"<p>Les principales \u00e9ch\u00e9ances de l\u2019ann\u00e9e en cours sont annonc\u00e9es dans la rubrique Actuel. Ici, vous trouvez \u00e9galement des informations au sujet du magazine N+P Inside et des d\u00e9lais de cl\u00f4ture de la r\u00e9daction. Un article tir\u00e9 de la derni\u00e8re \u00e9dition de N+P Inside est pr\u00e9sent\u00e9 \u00e0 la rubrique Projets de terrain et recherche. Projet actuel &#8230;<\/p>\n","protected":false},"author":1,"featured_media":331,"parent":0,"menu_order":1,"comment_status":"closed","ping_status":"closed","template":"","meta":{"footnotes":""},"class_list":["post-62","page","type-page","status-publish","has-post-thumbnail","hentry"],"_links":{"self":[{"href":"https:\/\/kbnl.ch\/fr\/wp-json\/wp\/v2\/pages\/62","targetHints":{"allow":["GET"]}}],"collection":[{"href":"https:\/\/kbnl.ch\/fr\/wp-json\/wp\/v2\/pages"}],"about":[{"href":"https:\/\/kbnl.ch\/fr\/wp-json\/wp\/v2\/types\/page"}],"author":[{"embeddable":true,"href":"https:\/\/kbnl.ch\/fr\/wp-json\/wp\/v2\/users\/1"}],"replies":[{"embeddable":true,"href":"https:\/\/kbnl.ch\/fr\/wp-json\/wp\/v2\/comments?post=62"}],"version-history":[{"count":34,"href":"https:\/\/kbnl.ch\/fr\/wp-json\/wp\/v2\/pages\/62\/revisions"}],"predecessor-version":[{"id":3092,"href":"https:\/\/kbnl.ch\/fr\/wp-json\/wp\/v2\/pages\/62\/revisions\/3092"}],"wp:featuredmedia":[{"embeddable":true,"href":"https:\/\/kbnl.ch\/fr\/wp-json\/wp\/v2\/media\/331"}],"wp:attachment":[{"href":"https:\/\/kbnl.ch\/fr\/wp-json\/wp\/v2\/media?parent=62"}],"curies":[{"name":"wp","href":"https:\/\/api.w.org\/{rel}","templated":true}]}}