{"id":65,"date":"2016-02-16T11:41:51","date_gmt":"2016-02-16T10:41:51","guid":{"rendered":"http:\/\/kbnl.ch\/\/?page_id=65"},"modified":"2026-03-02T17:01:26","modified_gmt":"2026-03-02T16:01:26","slug":"aktuelle-termine","status":"publish","type":"page","link":"https:\/\/kbnl.ch\/fr\/aktuel\/aktuelle-termine\/","title":{"rendered":"Dates \u00e0 retenir"},"content":{"rendered":"<p><\/p>\n<ul>\n<li><strong>Plateforme N+P I\/26 :<\/strong><br \/>\nMercredi 25 mars 2026, Bienne<\/li>\n<li><strong>Plateforme N+P II\/26 :<\/strong><br \/>\nMercredi 17 juin 2026, Bienne<\/li>\n<li><strong>Plateforme N+P III\/26 :<\/strong><br \/>\nMercredi 25 novembre 2026, Bienne<\/li>\n<li><strong>Congr\u00e8s d&rsquo;automne<\/strong><br \/>\n24. \/ 25. septembre 2026 &#8211; canton AI<\/li>\n<\/ul>\n<p>&nbsp;<\/p>\n<p><strong>KBNL-Flash:<br \/>\n<\/strong><em>bulletin d&rsquo;information interne de la CDPNP<\/em><strong><br \/>\n<\/strong><\/p>\n<p>D\u00e9lais de cl\u00f4ture de la r\u00e9daction 2026:<\/p>\n<ul>\n<li>Flash 2\/26:\u00a0 9. mars 2026<\/li>\n<li>Flash 3\/26:\u00a0 1. juin 2026<\/li>\n<li>Flash 4\/26:\u00a0 28. septembre 2026<\/li>\n<\/ul>\n<p><em>Le secr\u00e9tariat ex\u00e9cutif se r\u00e9serve toutefois le droit de d\u00e9placer les d\u00e9lais cidessus.<\/em><\/p>\n<p>&nbsp;<\/p>\n<p>&nbsp;<\/p>","protected":false},"excerpt":{"rendered":"<p>Plateforme N+P I\/26 : Mercredi 25 mars 2026, Bienne Plateforme N+P II\/26 : Mercredi 17 juin 2026, Bienne Plateforme N+P III\/26 : Mercredi 25 novembre 2026, Bienne Congr\u00e8s d&rsquo;automne 24. \/ 25. septembre 2026 &#8211; canton AI &nbsp; KBNL-Flash: bulletin d&rsquo;information interne de la CDPNP D\u00e9lais de cl\u00f4ture de la r\u00e9daction 2026: Flash 2\/26:\u00a0 9. &#8230;<\/p>\n","protected":false},"author":1,"featured_media":0,"parent":62,"menu_order":0,"comment_status":"closed","ping_status":"closed","template":"","meta":{"footnotes":""},"class_list":["post-65","page","type-page","status-publish","hentry"],"_links":{"self":[{"href":"https:\/\/kbnl.ch\/fr\/wp-json\/wp\/v2\/pages\/65","targetHints":{"allow":["GET"]}}],"collection":[{"href":"https:\/\/kbnl.ch\/fr\/wp-json\/wp\/v2\/pages"}],"about":[{"href":"https:\/\/kbnl.ch\/fr\/wp-json\/wp\/v2\/types\/page"}],"author":[{"embeddable":true,"href":"https:\/\/kbnl.ch\/fr\/wp-json\/wp\/v2\/users\/1"}],"replies":[{"embeddable":true,"href":"https:\/\/kbnl.ch\/fr\/wp-json\/wp\/v2\/comments?post=65"}],"version-history":[{"count":73,"href":"https:\/\/kbnl.ch\/fr\/wp-json\/wp\/v2\/pages\/65\/revisions"}],"predecessor-version":[{"id":3183,"href":"https:\/\/kbnl.ch\/fr\/wp-json\/wp\/v2\/pages\/65\/revisions\/3183"}],"up":[{"embeddable":true,"href":"https:\/\/kbnl.ch\/fr\/wp-json\/wp\/v2\/pages\/62"}],"wp:attachment":[{"href":"https:\/\/kbnl.ch\/fr\/wp-json\/wp\/v2\/media?parent=65"}],"curies":[{"name":"wp","href":"https:\/\/api.w.org\/{rel}","templated":true}]}}