{"id":655,"date":"2016-05-23T16:19:47","date_gmt":"2016-05-23T14:19:47","guid":{"rendered":"http:\/\/kbnl.ch\/?page_id=655"},"modified":"2016-05-23T17:18:51","modified_gmt":"2016-05-23T15:18:51","slug":"campanula-cervicaria-borstige-glockenblume-version-2","status":"publish","type":"page","link":"https:\/\/kbnl.ch\/fr\/nl-praxis\/biotop-und-artenschutz\/campanula-cervicaria-borstige-glockenblume-version-2\/","title":{"rendered":"Campanula cervicaria (Borstige Glockenblume) Version 2"},"content":{"rendered":"<p><\/p>\n<h2><strong>Workshop Best Practice Artenf\u00f6rderung <em>Campanula cervicaria<\/em> (Borstige Glockenblume)<\/strong><\/h2>\n<p><a href=\"http:\/\/kbnl.ch\/wp-content\/uploads\/2016\/05\/Aktionsplandrehscheibe_Workshop_Campanula_cervicaria.pdf\">Ergebnisse aus dem Workshop vom 25.11.2014<\/a><\/p>\n<p>Die Borstige Glockenblume (<em>Campanula cervicaria<\/em>) kommt in der Schweiz nur noch an ca. 25 Orten vor. Sie ist stark gef\u00e4hrdet (IUCN-Status EN). Obwohl sie keine besonderen Anspr\u00fcche stellt, ist ihre F\u00f6rderung schwierig. Am Workshop vom November 2014 wurde das aktuelle Wissen zu den Anspr\u00fcchen und F\u00f6rderm\u00f6glichkeiten dieser Art zusammengetragen. Das wichtigste ist in den nachfolgenden Tabellen enthalten.<\/p>\n<p><strong>Erfolgsfaktoren<\/strong><\/p>\n<p>Optimale Bewirtschaftung und Pflege der aktuellen Populationen:<\/p>\n<ul>\n<li>Schonung bl\u00fchender und fruchtender Exemplare und von Rosetten vor Mahd.<\/li>\n<li>Keine Mahd der Fruchtst\u00e4nde vor der Samenreife. Mahd der Pflanzen, wenn \u00fcberhaupt, fr\u00fchestens ab Ende November.<\/li>\n<li>Regelm\u00e4ssiges Ausholzen\/Entbuschen und\/oder regelm\u00e4ssige Mahd der umgebenden Vegetation. Rosetten durch Mahd nicht verletzen, nicht Mulchen.<\/li>\n<li>Pflanzen kleinr\u00e4umig freistellen, Entfernen von Problemarten (Adlerfarn, Brombeeren, Goldruten, ev. weitere).<\/li>\n<li>Offenen Boden erhalten.<\/li>\n<li>Bemerkung:\n<ul>\n<li>Ausgangslage differenzieren (bedingt unterschiedliche Vorgehensweisen): Bei kleinen Populationen ist es wichtig, m\u00f6glichst jedes Individuum zu schonen und zur Fruchtreife zu bringen. Grosse Populationen ben\u00f6tigen keine so intensive Pflege<\/li>\n<\/ul>\n<\/li>\n<\/ul>\n<p>Standortfaktoren Licht, offener Boden, Bodentyp (nicht zu sauer, nicht zu kalkreich, nicht zu n\u00e4hrstoffreich):<\/p>\n<ul>\n<li>Sorgf\u00e4ltige Standortwahl bei Neuansiedlungen.<\/li>\n<li>Pflege auf die langfristige Erhaltung dieser Standortfaktoren ausrichten.<\/li>\n<\/ul>\n<p>Ex-situ-Vermehrung<\/p>\n<ul>\n<li>Sammeln von Samen und Aufzucht ex situ.<\/li>\n<\/ul>\n<p><strong>Misserfolge<\/strong><\/p>\n<p>Mit Aussaat oder Auspflanzung konnten bisher keine mittel-\/langfristig stabilen Populationen aufbaut werden.<\/p>\n<p><strong>Wissensl\u00fccken schliessen<\/strong><\/p>\n<ul>\n<li>Wie lassen sich mit Aussaat oder Auspflanzung mittel- bis langfristig stabile Populationen aufbauen?<\/li>\n<li>Wo kommen Samenbanken vor? Wie gross sind diese und wie persistent sind die Samen?<\/li>\n<li>Wie variabel ist die Art genetisch? Spielt die Genetik bei der F\u00f6rderung eine Rolle?<\/li>\n<li>Was sind f\u00fcr die F\u00f6rderung geeignete Habitate?<\/li>\n<li>K\u00f6nnte die Art mit alternativen Massnahmen gef\u00f6rdert werden (Nieder- und Mittelwaldbewirtschaftung, Beweidung)?<\/li>\n<li>Wo kommt die Art aktuell vor?<\/li>\n<\/ul>\n<p><strong>Projektbeispiele:<\/strong><\/p>\n<ul>\n<li><a href=\"http:\/\/kbnl.ch\/wp-content\/uploads\/2016\/05\/Aktionsplandrehscheibe_Campanula_cervicaria_Kt_Aargau_01.pdf\">Neue Pflege an Waldrandb\u00f6schung (Wohlen AG)<\/a><\/li>\n<li><a href=\"http:\/\/kbnl.ch\/wp-content\/uploads\/2016\/05\/Aktionsplandrehscheibe_Campanula_cervicaria_Kt_Zuerich_01.pdf\">Freihaltung und Ansaaten auf Lothar-Sturmfl\u00e4che (Marthalen\/Rheinau ZH)<\/a><\/li>\n<li><a href=\"http:\/\/kbnl.ch\/wp-content\/uploads\/2016\/05\/Aktionsplandrehscheibe_Campanula_cervicaria_Kt_Zuerich_02.pdf\">Oberbodenabtrag in kantonalem Schutzgebiet (H\u00fcntwangen\/Eglisau ZH)<\/a><\/li>\n<\/ul>\n<p><\/p>","protected":false},"excerpt":{"rendered":"<p>Workshop Best Practice Artenf\u00f6rderung Campanula cervicaria (Borstige Glockenblume) Ergebnisse aus dem Workshop vom 25.11.2014 Die Borstige Glockenblume (Campanula cervicaria) kommt in der Schweiz nur noch an ca. 25 Orten vor. Sie ist stark gef\u00e4hrdet (IUCN-Status EN). Obwohl sie keine besonderen Anspr\u00fcche stellt, ist ihre F\u00f6rderung schwierig. Am Workshop vom November 2014 wurde das aktuelle Wissen &#8230;<\/p>\n","protected":false},"author":33,"featured_media":0,"parent":224,"menu_order":0,"comment_status":"closed","ping_status":"closed","template":"","meta":{"footnotes":""},"class_list":["post-655","page","type-page","status-publish","hentry"],"_links":{"self":[{"href":"https:\/\/kbnl.ch\/fr\/wp-json\/wp\/v2\/pages\/655","targetHints":{"allow":["GET"]}}],"collection":[{"href":"https:\/\/kbnl.ch\/fr\/wp-json\/wp\/v2\/pages"}],"about":[{"href":"https:\/\/kbnl.ch\/fr\/wp-json\/wp\/v2\/types\/page"}],"author":[{"embeddable":true,"href":"https:\/\/kbnl.ch\/fr\/wp-json\/wp\/v2\/users\/33"}],"replies":[{"embeddable":true,"href":"https:\/\/kbnl.ch\/fr\/wp-json\/wp\/v2\/comments?post=655"}],"version-history":[{"count":5,"href":"https:\/\/kbnl.ch\/fr\/wp-json\/wp\/v2\/pages\/655\/revisions"}],"predecessor-version":[{"id":660,"href":"https:\/\/kbnl.ch\/fr\/wp-json\/wp\/v2\/pages\/655\/revisions\/660"}],"up":[{"embeddable":true,"href":"https:\/\/kbnl.ch\/fr\/wp-json\/wp\/v2\/pages\/224"}],"wp:attachment":[{"href":"https:\/\/kbnl.ch\/fr\/wp-json\/wp\/v2\/media?parent=655"}],"curies":[{"name":"wp","href":"https:\/\/api.w.org\/{rel}","templated":true}]}}