{"id":68,"date":"2016-02-16T11:42:29","date_gmt":"2016-02-16T10:42:29","guid":{"rendered":"http:\/\/kbnl.ch\/\/?page_id=68"},"modified":"2026-03-02T17:02:36","modified_gmt":"2026-03-02T16:02:36","slug":"n-l-inside","status":"publish","type":"page","link":"https:\/\/kbnl.ch\/fr\/aktuel\/n-l-inside\/","title":{"rendered":"N+P Inside"},"content":{"rendered":"<p>Quatre fois par ann\u00e9e, le secr\u00e9tariat ex\u00e9cutif de la CDPNP publie, avec le soutien de l\u2019OFEV, le N+L-Inside. Le N+P Inside contient \u00e0 chaque fois :<\/p>\n<ul>\n<li>une partie de la CDPNP, relatant le travail interne et des informations de la CDPNP .<\/li>\n<li>une partie de l\u2019OFEV o\u00f9 sont publi\u00e9s des informations et des contributions de l\u2019OFEV.<\/li>\n<li>une partie issue de la recherche o\u00f9 sont publi\u00e9s des articles de divers instituts de recherche.<\/li>\n<li>une partie pratique o\u00f9 sont publi\u00e9s des articles sur des th\u00e8mes des domaines nature et paysage \u00e9manant de diverses institutions.<\/li>\n<li>une partie service, donnant des renseignements sp\u00e9ciaux et pr\u00e9sentant diverses manifestations.<\/li>\n<\/ul>\n<p><strong>Inside Abonnement<\/strong><br \/>\n\u00cates-vous int\u00e9ress\u00e9(e) \u00e0 la publication N+P Inside et souhaitez-vous vous y abonnez ?<br \/>\nLe N+P Inside peut \u00eatre envoy\u00e9:<\/p>\n<ul>\n<li>par email <strong>en format pdf<\/strong>. Prix de l\u2019abonnement par ann\u00e9e: <strong>CHF 40.-<\/strong><\/li>\n<li><strong>en tant que cahier<\/strong>. Prix de l\u2019abonnement par ann\u00e9e: <strong>CHF 100.-<\/strong><\/li>\n<li>par email <strong>en formart pdf<\/strong> et <strong>en tant que cahier<\/strong>. Prix de l&rsquo;abonnement par ann\u00e9e: <strong>CHF 120.-<\/strong><\/li>\n<\/ul>\n<p>La dur\u00e9e de l&rsquo;abonnement se renouvelle automatiquement \u00e0 la fin de l&rsquo;ann\u00e9e. Les r\u00e9siliations sont toujours possibles \u00e0 la fin de l&rsquo;ann\u00e9e.<br \/>\nQuestions et abonnement:<a class=\"teLi\" href=\"mailto:redaktion@kbnl.ch\" target=\"_blank\" rel=\"noopener noreferrer\"> redaktion@kbnl.ch<\/a><\/p>\n<p><span class=\"teFl\" style=\"font-family: Arial, Helvetica, sans-serif;\"><strong>Dates d&rsquo;envoi actuelles<\/strong><br \/>\n<\/span><\/p>\n<ul>\n<li>Inside 1\/26:\u00a0 4. mars 2026<\/li>\n<li>Inside 2\/26:\u00a0 3. juin 2026<\/li>\n<li>Inside 3\/26:\u00a0 9. septembre 2026<\/li>\n<li>Inside 4\/26:\u00a0 9. <span class=\"teFl\" style=\"font-family: Arial, Helvetica, sans-serif;\">d\u00e9cembre<\/span> 2026<\/li>\n<\/ul>\n<p><span class=\"teFl\" style=\"font-family: Arial, Helvetica, sans-serif;\"><strong>Articles pour N+P Inside<\/strong><br \/>\nVous souhaitez publier un article dans le magazine N+P Inside ? Veuillez consulter <a href=\"https:\/\/kbnl.ch\/wp-content\/uploads\/2025\/04\/indications_inside_210217.pdf\">nos lignes directrices<\/a>\u00a0pour les articles \u00e0 publier dans N+P Inside. Prochains d\u00e9lais de cl\u00f4ture de la r\u00e9daction :<\/span><\/p>\n<ul>\n<li>Inside 2\/26:\u00a0 1. mai 2026<\/li>\n<li>Inside 3\/26:\u00a0 7. ao\u00fbt 2026<\/li>\n<li>Inside 4\/26:\u00a0 6. <span class=\"teFl\" style=\"font-family: Arial, Helvetica, sans-serif;\">novembre<\/span>2026<\/li>\n<\/ul>\n<p><a href=\"http:\/\/kbnl.ch\/fr\/aktuel\/projekte-aus-praxis-und-forschung\/\">articles actuels de la pratique et recherche<br \/>\n<\/a><a href=\"http:\/\/kbnl.ch\/fr\/aktuel\/n-l-inside\/aeltere-ausgaben-inside\/\">Archives N+P Inside (2007 &#8211; 2025)<\/a><br \/>\n<a href=\"http:\/\/kbnl.ch\/wp-content\/uploads\/2016\/04\/Inside_Sondernummer_2012_PDF.pdf\">Inside \u00e9dition sp\u00e9ciale 2012<\/a><\/p>","protected":false},"excerpt":{"rendered":"<p>Quatre fois par ann\u00e9e, le secr\u00e9tariat ex\u00e9cutif de la CDPNP publie, avec le soutien de l\u2019OFEV, le N+L-Inside. Le N+P Inside contient \u00e0 chaque fois : une partie de la CDPNP, relatant le travail interne et des informations de la CDPNP . une partie de l\u2019OFEV o\u00f9 sont publi\u00e9s des informations et des contributions de &#8230;<\/p>\n","protected":false},"author":1,"featured_media":0,"parent":62,"menu_order":0,"comment_status":"closed","ping_status":"closed","template":"","meta":{"footnotes":""},"class_list":["post-68","page","type-page","status-publish","hentry"],"_links":{"self":[{"href":"https:\/\/kbnl.ch\/fr\/wp-json\/wp\/v2\/pages\/68","targetHints":{"allow":["GET"]}}],"collection":[{"href":"https:\/\/kbnl.ch\/fr\/wp-json\/wp\/v2\/pages"}],"about":[{"href":"https:\/\/kbnl.ch\/fr\/wp-json\/wp\/v2\/types\/page"}],"author":[{"embeddable":true,"href":"https:\/\/kbnl.ch\/fr\/wp-json\/wp\/v2\/users\/1"}],"replies":[{"embeddable":true,"href":"https:\/\/kbnl.ch\/fr\/wp-json\/wp\/v2\/comments?post=68"}],"version-history":[{"count":86,"href":"https:\/\/kbnl.ch\/fr\/wp-json\/wp\/v2\/pages\/68\/revisions"}],"predecessor-version":[{"id":3184,"href":"https:\/\/kbnl.ch\/fr\/wp-json\/wp\/v2\/pages\/68\/revisions\/3184"}],"up":[{"embeddable":true,"href":"https:\/\/kbnl.ch\/fr\/wp-json\/wp\/v2\/pages\/62"}],"wp:attachment":[{"href":"https:\/\/kbnl.ch\/fr\/wp-json\/wp\/v2\/media?parent=68"}],"curies":[{"name":"wp","href":"https:\/\/api.w.org\/{rel}","templated":true}]}}