{"id":9,"date":"2015-11-17T16:25:05","date_gmt":"2015-11-17T15:25:05","guid":{"rendered":"http:\/\/kbnl.ch\/\/?page_id=9"},"modified":"2016-04-06T15:02:50","modified_gmt":"2016-04-06T13:02:50","slug":"organisation-und-kontakt","status":"publish","type":"page","link":"https:\/\/kbnl.ch\/fr\/organisation-und-kontakt\/","title":{"rendered":"Organisation et contacts"},"content":{"rendered":"<p><a href=\"http:\/\/kbnl.ch\/\/fr\/organisation-und-kontakt\/mitglieder\/\" target=\"_blank\">Les membres <\/a>de la CDPNP sont les d\u00e9l\u00e9gu\u00e9s charg\u00e9s de la mise en \u0153uvre de la protection de la nature et du paysage au sein des cantons et de la Principaut\u00e9 de Liechtenstein. L\u2019Office f\u00e9d\u00e9ral de l\u2019environnement (OFEV) a le statut d\u2019h\u00f4te permanent de la CDPNP. La conf\u00e9rence peut admettre d\u2019autres <a href=\"http:\/\/kbnl.ch\/\/fr\/organisation-und-kontakt\/kbnl-gaste\/\" target=\"_blank\">h\u00f4tes <\/a>permanents.<\/p>\n<p>La CDPNP est dirig\u00e9e par le <a href=\"http:\/\/kbnl.ch\/\/fr\/organisation-und-kontakt\/vorstand\/\" target=\"_blank\">Comit\u00e9<\/a>, qui compte cinq membres, et elle est administr\u00e9e par <a href=\"http:\/\/kbnl.ch\/\/fr\/organisation-und-kontakt\/geschaeftsstelle\/\" target=\"_blank\">le Secr\u00e9tariat ex\u00e9cutif.<\/a><\/p>","protected":false},"excerpt":{"rendered":"<p>Les membres de la CDPNP sont les d\u00e9l\u00e9gu\u00e9s charg\u00e9s de la mise en \u0153uvre de la protection de la nature et du paysage au sein des cantons et de la Principaut\u00e9 de Liechtenstein. L\u2019Office f\u00e9d\u00e9ral de l\u2019environnement (OFEV) a le statut d\u2019h\u00f4te permanent de la CDPNP. La conf\u00e9rence peut admettre d\u2019autres h\u00f4tes permanents. La CDPNP &#8230;<\/p>\n","protected":false},"author":1,"featured_media":0,"parent":0,"menu_order":0,"comment_status":"closed","ping_status":"closed","template":"","meta":{"footnotes":""},"class_list":["post-9","page","type-page","status-publish","hentry"],"_links":{"self":[{"href":"https:\/\/kbnl.ch\/fr\/wp-json\/wp\/v2\/pages\/9","targetHints":{"allow":["GET"]}}],"collection":[{"href":"https:\/\/kbnl.ch\/fr\/wp-json\/wp\/v2\/pages"}],"about":[{"href":"https:\/\/kbnl.ch\/fr\/wp-json\/wp\/v2\/types\/page"}],"author":[{"embeddable":true,"href":"https:\/\/kbnl.ch\/fr\/wp-json\/wp\/v2\/users\/1"}],"replies":[{"embeddable":true,"href":"https:\/\/kbnl.ch\/fr\/wp-json\/wp\/v2\/comments?post=9"}],"version-history":[{"count":6,"href":"https:\/\/kbnl.ch\/fr\/wp-json\/wp\/v2\/pages\/9\/revisions"}],"predecessor-version":[{"id":368,"href":"https:\/\/kbnl.ch\/fr\/wp-json\/wp\/v2\/pages\/9\/revisions\/368"}],"wp:attachment":[{"href":"https:\/\/kbnl.ch\/fr\/wp-json\/wp\/v2\/media?parent=9"}],"curies":[{"name":"wp","href":"https:\/\/api.w.org\/{rel}","templated":true}]}}